{"id":15988,"date":"2016-03-30T15:18:19","date_gmt":"2016-03-30T13:18:19","guid":{"rendered":"http:\/\/rotopack.wpengine.com\/de\/perche-il-sottovuoto\/"},"modified":"2023-04-28T17:23:06","modified_gmt":"2023-04-28T15:23:06","slug":"perche-il-sottovuoto","status":"publish","type":"page","link":"https:\/\/www.rotopacksrl.com\/de\/unterlagen\/perche-il-sottovuoto\/","title":{"rendered":"Perch\u00e8 il sottovuoto?"},"content":{"rendered":"<p style=\"text-align: justify;\" align=\"justify\">Quante volte vi \u00e8 capitato di aprire il frigorifero e sentire un odore poco piacevole e di andare alla ricerca della sua origine? Di trovare un ortaggio marcito oppure un pezzo di formaggio ricoperto di muffa o ancora del prosciutto irrancidito? E&#8217; normale che ci\u00f2 accada visto i crescenti ritmi di vita e il sempre minor tempo che possiamo dedicare alla cucina. Il congelatore ci da una mano, per\u00f2 non \u00e8 possibile congelare tutti gli alimenti. Ad esempio, il congelamento va bene per la carne e pane; invece verdura, ortaggi, insaccati perdono consistenza, sapore e propriet\u00e0 nutritive. La soluzione \u00e8 la conservazione sottovuoto, una tecnica che permette di eliminare impurit\u00e0, umidit\u00e0 e ossigeno all\u2019interno di un contenitore (sacchetto o vaschetta) conservando cos\u00ec l\u2019alimento per pi\u00f9 tempo.<br \/>\nIl sottovuoto ha segnato un&#8217;evoluzione incredibile nel confezionamento dei generi alimentari, cerchiamo di capire insieme in cosa consiste, come si ottiene e gli innumerevoli vantaggi che offre.<\/p>\n<p><strong>&#8211; COME FUNZIONA UNA MACCHINA SOTTOVUOTO:<\/strong><br \/>\nLe macchine per il sottovuoto creano attorno all&#8217;alimento una camera a tenuta isolata dall&#8217;ambiente esterno e tramite l&#8217;azione di una pompa viene estratta l\u2019aria presente nella camera e quindi nella confezione che contiene il prodotto. Questo permette di estrarre dalla confezione gas e particelle impure che sono presenti nell&#8217;aria, umidit\u00e0 e l&#8217;ossigeno, gas vitale oltre che per l\u2019uomo anche per i microrganismi quali batteri e muffe. La loro proliferazione, pertanto, \u00e8 bloccata e sono inibiti i loro metabolismi, quindi le attivit\u00e0 fermentative. Per rendere efficace questo procedimento e mantenere nel tempo il sottovuoto \u00e8 necessario che la confezione, che si tratti di busta o vaschetta, sia correttamente sigillata.<\/p>\n<p><strong>&#8211; PERCHE&#8217; L&#8217;ARIA CHE RESPIRIAMO DETERIORA GLI ALIMENTI?<\/strong><br \/>\nOltre alle polveri ed agli innumerevoli gas impuri che compongo l&#8217;aria, l\u2019ossigeno permette la proliferazione di muffe e batteri responsabili del deterioramento dei cibi (irrancidimento dei grassi, imbrunimento della frutta, bruciature da gelo, ed ovviamente perdita di gusto e di sapore). Il confezionamento sottovuoto, tramite l&#8217;eliminazione dell\u2019aria, permette di ridurre e ritardare tutti gli effetti di deterioramento, ottenendo, l&#8217;allungamento dei tempi di conservazione e, un indubbia maggiore sicurezza igienica proprio per la riduzione dell&#8217;attivit\u00e0 dei batteri presenti negli alimenti.<\/p>\n<p><strong>&#8211; I VANTAGGI DEL SOTTOVUOTO<\/strong><br \/>\nPerch\u00e8 rinunciare a consumare prodotti freschi e gustosi? Il sottovuoto abbatte la filosofia del consumo dei prodotti alimentari di stagione, ora chiunque potr\u00e0 godere dei vantaggi offerti da questo confezionamento perch\u00e9 potr\u00e0 acquistare frutta e verdura di stagione in quantit\u00e0, certo di poterla conservare al meglio. Perch\u00e8 cucinare tutti i giorni sia a mezzogiorno che a cena? Non sar\u00e0 pi\u00f9 necessario consumare nella giornata o gettare le pietanze preparate ed eventualmente avanzate, ma potranno essere gustate anche a distanza di giorni, senza che queste abbiano perso gusto e propriet\u00e0 nutritive e sicuri di non rischiare intossicazioni alimentari dovute ad un cattivo stato di conservazione. Nel frigorifero, l\u2019alimento sottovuoto potr\u00e0 conservarsi fino a 3-4 volte di pi\u00f9.<br \/>\n<strong>Concludendo: Perch\u00e8 scegliere il sottovuoto? Freschezza e gusto dei cibi, sicurezza igienica, praticit\u00e0, risparmio di tempo, denaro e fatica.<\/strong><\/p>\n","protected":false},"excerpt":{"rendered":"<p>Quante volte vi \u00e8 capitato di aprire il frigorifero e sentire un odore poco piacevole e di andare alla ricerca della sua origine? Di trovare un ortaggio marcito oppure un pezzo di formaggio ricoperto di muffa o ancora del prosciutto irrancidito? E&#8217; normale che ci\u00f2&#8230;<\/p>\n","protected":false},"author":2,"featured_media":0,"parent":16169,"menu_order":10,"comment_status":"closed","ping_status":"closed","template":"","meta":{"footnotes":""},"class_list":["post-15988","page","type-page","status-publish","hentry"],"yoast_head":"<!-- This site is optimized with the Yoast SEO plugin v21.8 - https:\/\/yoast.com\/wordpress\/plugins\/seo\/ -->\n<title>Perch\u00e8 il sottovuoto? - Rotopack - Packaging machines<\/title>\n<meta name=\"robots\" content=\"index, follow, max-snippet:-1, max-image-preview:large, max-video-preview:-1\" \/>\n<link rel=\"canonical\" href=\"https:\/\/www.rotopacksrl.com\/de\/unterlagen\/perche-il-sottovuoto\/\" \/>\n<meta property=\"og:locale\" content=\"de_DE\" \/>\n<meta property=\"og:type\" content=\"article\" \/>\n<meta property=\"og:title\" content=\"Perch\u00e8 il sottovuoto? - Rotopack - Packaging machines\" \/>\n<meta property=\"og:description\" content=\"Quante volte vi \u00e8 capitato di aprire il frigorifero e sentire un odore poco piacevole e di andare alla ricerca della sua origine? Di trovare un ortaggio marcito oppure un pezzo di formaggio ricoperto di muffa o ancora del prosciutto irrancidito? E&#8217; normale che ci\u00f2...\" \/>\n<meta property=\"og:url\" content=\"https:\/\/www.rotopacksrl.com\/de\/unterlagen\/perche-il-sottovuoto\/\" \/>\n<meta property=\"og:site_name\" content=\"Rotopack - Packaging machines\" \/>\n<meta property=\"article:publisher\" content=\"https:\/\/www.facebook.com\/rotopackmilano\" \/>\n<meta property=\"article:modified_time\" content=\"2023-04-28T15:23:06+00:00\" \/>\n<meta name=\"twitter:card\" content=\"summary_large_image\" \/>\n<meta name=\"twitter:site\" content=\"@Rotopacksrl\" \/>\n<meta name=\"twitter:label1\" content=\"Gesch\u00e4tzte Lesezeit\" \/>\n\t<meta name=\"twitter:data1\" content=\"2 Minuten\" \/>\n<script type=\"application\/ld+json\" class=\"yoast-schema-graph\">{\"@context\":\"https:\/\/schema.org\",\"@graph\":[{\"@type\":\"WebPage\",\"@id\":\"https:\/\/www.rotopacksrl.com\/de\/unterlagen\/perche-il-sottovuoto\/\",\"url\":\"https:\/\/www.rotopacksrl.com\/de\/unterlagen\/perche-il-sottovuoto\/\",\"name\":\"Perch\u00e8 il sottovuoto? - Rotopack - Packaging machines\",\"isPartOf\":{\"@id\":\"https:\/\/www.rotopacksrl.com\/de\/#website\"},\"datePublished\":\"2016-03-30T13:18:19+00:00\",\"dateModified\":\"2023-04-28T15:23:06+00:00\",\"breadcrumb\":{\"@id\":\"https:\/\/www.rotopacksrl.com\/de\/unterlagen\/perche-il-sottovuoto\/#breadcrumb\"},\"inLanguage\":\"de-DE\",\"potentialAction\":[{\"@type\":\"ReadAction\",\"target\":[\"https:\/\/www.rotopacksrl.com\/de\/unterlagen\/perche-il-sottovuoto\/\"]}]},{\"@type\":\"BreadcrumbList\",\"@id\":\"https:\/\/www.rotopacksrl.com\/de\/unterlagen\/perche-il-sottovuoto\/#breadcrumb\",\"itemListElement\":[{\"@type\":\"ListItem\",\"position\":1,\"name\":\"Home\",\"item\":\"https:\/\/www.rotopacksrl.com\/de\/\"},{\"@type\":\"ListItem\",\"position\":2,\"name\":\"Unterlagen\",\"item\":\"https:\/\/www.rotopacksrl.com\/de\/unterlagen\/\"},{\"@type\":\"ListItem\",\"position\":3,\"name\":\"Perch\u00e8 il sottovuoto?\"}]},{\"@type\":\"WebSite\",\"@id\":\"https:\/\/www.rotopacksrl.com\/de\/#website\",\"url\":\"https:\/\/www.rotopacksrl.com\/de\/\",\"name\":\"Rotopack - Packaging machines\",\"description\":\"Confezionatrici &amp; termo-sigillatrici\",\"publisher\":{\"@id\":\"https:\/\/www.rotopacksrl.com\/de\/#organization\"},\"potentialAction\":[{\"@type\":\"SearchAction\",\"target\":{\"@type\":\"EntryPoint\",\"urlTemplate\":\"https:\/\/www.rotopacksrl.com\/de\/?s={search_term_string}\"},\"query-input\":\"required name=search_term_string\"}],\"inLanguage\":\"de-DE\"},{\"@type\":\"Organization\",\"@id\":\"https:\/\/www.rotopacksrl.com\/de\/#organization\",\"name\":\"Rotopack srl\",\"url\":\"https:\/\/www.rotopacksrl.com\/de\/\",\"logo\":{\"@type\":\"ImageObject\",\"inLanguage\":\"de-DE\",\"@id\":\"https:\/\/www.rotopacksrl.com\/de\/#\/schema\/logo\/image\/\",\"url\":\"https:\/\/www.rotopacksrl.com\/wp-content\/uploads\/2016\/02\/logo-rotopack.png\",\"contentUrl\":\"https:\/\/www.rotopacksrl.com\/wp-content\/uploads\/2016\/02\/logo-rotopack.png\",\"width\":300,\"height\":68,\"caption\":\"Rotopack srl\"},\"image\":{\"@id\":\"https:\/\/www.rotopacksrl.com\/de\/#\/schema\/logo\/image\/\"},\"sameAs\":[\"https:\/\/www.facebook.com\/rotopackmilano\",\"https:\/\/twitter.com\/Rotopacksrl\",\"https:\/\/www.linkedin.com\/company\/rotopacksrl\/about\/\",\"https:\/\/www.youtube.com\/user\/RotoPacksrl\"]}]}<\/script>\n<!-- \/ Yoast SEO plugin. -->","yoast_head_json":{"title":"Perch\u00e8 il sottovuoto? - Rotopack - Packaging machines","robots":{"index":"index","follow":"follow","max-snippet":"max-snippet:-1","max-image-preview":"max-image-preview:large","max-video-preview":"max-video-preview:-1"},"canonical":"https:\/\/www.rotopacksrl.com\/de\/unterlagen\/perche-il-sottovuoto\/","og_locale":"de_DE","og_type":"article","og_title":"Perch\u00e8 il sottovuoto? - Rotopack - Packaging machines","og_description":"Quante volte vi \u00e8 capitato di aprire il frigorifero e sentire un odore poco piacevole e di andare alla ricerca della sua origine? Di trovare un ortaggio marcito oppure un pezzo di formaggio ricoperto di muffa o ancora del prosciutto irrancidito? E&#8217; normale che ci\u00f2...","og_url":"https:\/\/www.rotopacksrl.com\/de\/unterlagen\/perche-il-sottovuoto\/","og_site_name":"Rotopack - Packaging machines","article_publisher":"https:\/\/www.facebook.com\/rotopackmilano","article_modified_time":"2023-04-28T15:23:06+00:00","twitter_card":"summary_large_image","twitter_site":"@Rotopacksrl","twitter_misc":{"Gesch\u00e4tzte Lesezeit":"2 Minuten"},"schema":{"@context":"https:\/\/schema.org","@graph":[{"@type":"WebPage","@id":"https:\/\/www.rotopacksrl.com\/de\/unterlagen\/perche-il-sottovuoto\/","url":"https:\/\/www.rotopacksrl.com\/de\/unterlagen\/perche-il-sottovuoto\/","name":"Perch\u00e8 il sottovuoto? - Rotopack - Packaging machines","isPartOf":{"@id":"https:\/\/www.rotopacksrl.com\/de\/#website"},"datePublished":"2016-03-30T13:18:19+00:00","dateModified":"2023-04-28T15:23:06+00:00","breadcrumb":{"@id":"https:\/\/www.rotopacksrl.com\/de\/unterlagen\/perche-il-sottovuoto\/#breadcrumb"},"inLanguage":"de-DE","potentialAction":[{"@type":"ReadAction","target":["https:\/\/www.rotopacksrl.com\/de\/unterlagen\/perche-il-sottovuoto\/"]}]},{"@type":"BreadcrumbList","@id":"https:\/\/www.rotopacksrl.com\/de\/unterlagen\/perche-il-sottovuoto\/#breadcrumb","itemListElement":[{"@type":"ListItem","position":1,"name":"Home","item":"https:\/\/www.rotopacksrl.com\/de\/"},{"@type":"ListItem","position":2,"name":"Unterlagen","item":"https:\/\/www.rotopacksrl.com\/de\/unterlagen\/"},{"@type":"ListItem","position":3,"name":"Perch\u00e8 il sottovuoto?"}]},{"@type":"WebSite","@id":"https:\/\/www.rotopacksrl.com\/de\/#website","url":"https:\/\/www.rotopacksrl.com\/de\/","name":"Rotopack - Packaging machines","description":"Confezionatrici &amp; termo-sigillatrici","publisher":{"@id":"https:\/\/www.rotopacksrl.com\/de\/#organization"},"potentialAction":[{"@type":"SearchAction","target":{"@type":"EntryPoint","urlTemplate":"https:\/\/www.rotopacksrl.com\/de\/?s={search_term_string}"},"query-input":"required name=search_term_string"}],"inLanguage":"de-DE"},{"@type":"Organization","@id":"https:\/\/www.rotopacksrl.com\/de\/#organization","name":"Rotopack srl","url":"https:\/\/www.rotopacksrl.com\/de\/","logo":{"@type":"ImageObject","inLanguage":"de-DE","@id":"https:\/\/www.rotopacksrl.com\/de\/#\/schema\/logo\/image\/","url":"https:\/\/www.rotopacksrl.com\/wp-content\/uploads\/2016\/02\/logo-rotopack.png","contentUrl":"https:\/\/www.rotopacksrl.com\/wp-content\/uploads\/2016\/02\/logo-rotopack.png","width":300,"height":68,"caption":"Rotopack srl"},"image":{"@id":"https:\/\/www.rotopacksrl.com\/de\/#\/schema\/logo\/image\/"},"sameAs":["https:\/\/www.facebook.com\/rotopackmilano","https:\/\/twitter.com\/Rotopacksrl","https:\/\/www.linkedin.com\/company\/rotopacksrl\/about\/","https:\/\/www.youtube.com\/user\/RotoPacksrl"]}]}},"_links":{"self":[{"href":"https:\/\/www.rotopacksrl.com\/de\/wp-json\/wp\/v2\/pages\/15988","targetHints":{"allow":["GET"]}}],"collection":[{"href":"https:\/\/www.rotopacksrl.com\/de\/wp-json\/wp\/v2\/pages"}],"about":[{"href":"https:\/\/www.rotopacksrl.com\/de\/wp-json\/wp\/v2\/types\/page"}],"author":[{"embeddable":true,"href":"https:\/\/www.rotopacksrl.com\/de\/wp-json\/wp\/v2\/users\/2"}],"replies":[{"embeddable":true,"href":"https:\/\/www.rotopacksrl.com\/de\/wp-json\/wp\/v2\/comments?post=15988"}],"version-history":[{"count":0,"href":"https:\/\/www.rotopacksrl.com\/de\/wp-json\/wp\/v2\/pages\/15988\/revisions"}],"up":[{"embeddable":true,"href":"https:\/\/www.rotopacksrl.com\/de\/wp-json\/wp\/v2\/pages\/16169"}],"wp:attachment":[{"href":"https:\/\/www.rotopacksrl.com\/de\/wp-json\/wp\/v2\/media?parent=15988"}],"curies":[{"name":"wp","href":"https:\/\/api.w.org\/{rel}","templated":true}]}}