{"id":15949,"date":"2016-03-30T16:26:34","date_gmt":"2016-03-30T14:26:34","guid":{"rendered":"http:\/\/rotopack.wpengine.com\/fr\/acronyms-for-packaging-materials\/"},"modified":"2016-05-25T10:45:32","modified_gmt":"2016-05-25T08:45:32","slug":"sigles-des-materies-demballage","status":"publish","type":"page","link":"https:\/\/www.rotopacksrl.com\/fr\/info-utiles\/sigles-des-materies-demballage\/","title":{"rendered":"Sigles et Codes des Materies d&#8217;emballage"},"content":{"rendered":"<p>ABS Acrylonitrile-butadi\u00e8ne-styr\u00e8ne<br \/>\nAL Aluminium<br \/>\nAPET Amorphe poly\u00e9thyl\u00e8ne t\u00e9r\u00e9phtalate<br \/>\nCPET Poly\u00e9thyl\u00e8ne chlor\u00e9<br \/>\nEPS Polystyr\u00e8ne expanse<br \/>\nEVA Ethylene Vinyl Acetate Copolymer<br \/>\nEVOH Ethyl\u00e8ne alcool vinylique<br \/>\nHDPE Poly\u00e9thyl\u00e8ne haute densit\u00e9<br \/>\nHIPS Polystyr\u00e8ne choc<br \/>\nLDPE Poly\u00e9thyl\u00e8ne basse densit\u00e9<br \/>\nLLDPE Lin\u00e9aire poly\u00e9thyl\u00e8ne basse densit\u00e9<br \/>\nMOPP Polypropyl\u00e8ne orient\u00e9 metallique<br \/>\nMP Microperfor\u00e9<br \/>\nMPET Polyester metallique<br \/>\nMPOR Microporeux<br \/>\nOPP Polypropyl\u00e8ne orient\u00e9<br \/>\nOPS Polystyr\u00e8ne orient\u00e9<br \/>\nPA Polyamide (nylon)<br \/>\nPC Polycarbonate<br \/>\nPE Poly\u00e9thyl\u00e8ne<br \/>\nPET Poly\u00e9thyl\u00e8ne t\u00e9r\u00e9phtalate<br \/>\nPP Polypropyl\u00e8ne<br \/>\nPS Polystyr\u00e8ne<br \/>\nPSHT Polystyr\u00e8ne haute densit\u00e9<br \/>\nPVC Chlorure de polyvinyle<\/p>\n<p>&nbsp;<\/p>\n<p>CODES D&#8217;IDENTIFICATION DES RESINES UTILISEE DANS L&#8217;EMBALLAGE<\/p>\n<p>Le syst\u00e8me de codage SPI d&#8217;identification des r\u00e9sines est un code d\u00e9velopp\u00e9 en 1988 par la Society of the Plastics IndustryLe logo repr\u00e9sente un ruban de M\u00f6bius, au centre du triangle, un chiffre indique le type du plastique, parfois associ\u00e9 sous le triangle aux lettres initiales de son nom<\/p>\n<p><a href=\"http:\/\/rotopack.wpengine.com\/wp-content\/uploads\/2016\/05\/simboli-dei-materiali.jpg\" rel=\"attachment wp-att-15939\"><img loading=\"lazy\" decoding=\"async\" class=\"size-medium wp-image-15939 aligncenter\" src=\"http:\/\/rotopack.wpengine.com\/wp-content\/uploads\/2016\/05\/simboli-dei-materiali-300x48.jpg\" alt=\"simboli-dei-materiali\" width=\"300\" height=\"48\" srcset=\"https:\/\/www.rotopacksrl.com\/wp-content\/uploads\/2016\/05\/simboli-dei-materiali-300x48.jpg 300w, https:\/\/www.rotopacksrl.com\/wp-content\/uploads\/2016\/05\/simboli-dei-materiali.jpg 450w\" sizes=\"auto, (max-width: 300px) 100vw, 300px\" \/><\/a><\/p>\n<p>&nbsp;<\/p>\n","protected":false},"excerpt":{"rendered":"<p>ABS Acrylonitrile-butadi\u00e8ne-styr\u00e8ne AL Aluminium APET Amorphe poly\u00e9thyl\u00e8ne t\u00e9r\u00e9phtalate CPET Poly\u00e9thyl\u00e8ne chlor\u00e9 EPS Polystyr\u00e8ne expanse EVA Ethylene Vinyl Acetate Copolymer EVOH Ethyl\u00e8ne alcool vinylique HDPE Poly\u00e9thyl\u00e8ne haute densit\u00e9 HIPS Polystyr\u00e8ne choc LDPE Poly\u00e9thyl\u00e8ne basse densit\u00e9 LLDPE Lin\u00e9aire poly\u00e9thyl\u00e8ne basse densit\u00e9 MOPP Polypropyl\u00e8ne orient\u00e9 metallique MP Microperfor\u00e9&#8230;<\/p>\n","protected":false},"author":2,"featured_media":0,"parent":16168,"menu_order":60,"comment_status":"closed","ping_status":"closed","template":"","meta":{"footnotes":""},"class_list":["post-15949","page","type-page","status-publish","hentry"],"yoast_head":"<!-- This site is optimized with the Yoast SEO plugin v21.8 - https:\/\/yoast.com\/wordpress\/plugins\/seo\/ -->\n<title>Sigles et Codes des Materies d&#039;emballage - Rotopack - Packaging machines<\/title>\n<meta name=\"robots\" content=\"index, follow, max-snippet:-1, max-image-preview:large, max-video-preview:-1\" \/>\n<link rel=\"canonical\" href=\"https:\/\/www.rotopacksrl.com\/fr\/info-utiles\/sigles-des-materies-demballage\/\" \/>\n<meta property=\"og:locale\" content=\"fr_FR\" \/>\n<meta property=\"og:type\" content=\"article\" \/>\n<meta property=\"og:title\" content=\"Sigles et Codes des Materies d&#039;emballage - Rotopack - Packaging machines\" \/>\n<meta property=\"og:description\" content=\"ABS Acrylonitrile-butadi\u00e8ne-styr\u00e8ne AL Aluminium APET Amorphe poly\u00e9thyl\u00e8ne t\u00e9r\u00e9phtalate CPET Poly\u00e9thyl\u00e8ne chlor\u00e9 EPS Polystyr\u00e8ne expanse EVA Ethylene Vinyl Acetate Copolymer EVOH Ethyl\u00e8ne alcool vinylique HDPE Poly\u00e9thyl\u00e8ne haute densit\u00e9 HIPS Polystyr\u00e8ne choc LDPE Poly\u00e9thyl\u00e8ne basse densit\u00e9 LLDPE Lin\u00e9aire poly\u00e9thyl\u00e8ne basse densit\u00e9 MOPP Polypropyl\u00e8ne orient\u00e9 metallique MP Microperfor\u00e9...\" \/>\n<meta property=\"og:url\" content=\"https:\/\/www.rotopacksrl.com\/fr\/info-utiles\/sigles-des-materies-demballage\/\" \/>\n<meta property=\"og:site_name\" content=\"Rotopack - Packaging machines\" \/>\n<meta property=\"article:publisher\" content=\"https:\/\/www.facebook.com\/rotopackmilano\" \/>\n<meta property=\"article:modified_time\" content=\"2016-05-25T08:45:32+00:00\" \/>\n<meta property=\"og:image\" content=\"http:\/\/rotopack.wpengine.com\/wp-content\/uploads\/2016\/05\/simboli-dei-materiali-300x48.jpg\" \/>\n<meta name=\"twitter:card\" content=\"summary_large_image\" \/>\n<meta name=\"twitter:site\" content=\"@Rotopacksrl\" \/>\n<meta name=\"twitter:label1\" content=\"Dur\u00e9e de lecture estim\u00e9e\" \/>\n\t<meta name=\"twitter:data1\" content=\"1 minute\" \/>\n<script type=\"application\/ld+json\" class=\"yoast-schema-graph\">{\"@context\":\"https:\/\/schema.org\",\"@graph\":[{\"@type\":\"WebPage\",\"@id\":\"https:\/\/www.rotopacksrl.com\/fr\/info-utiles\/sigles-des-materies-demballage\/\",\"url\":\"https:\/\/www.rotopacksrl.com\/fr\/info-utiles\/sigles-des-materies-demballage\/\",\"name\":\"Sigles et Codes des Materies d'emballage - Rotopack - Packaging machines\",\"isPartOf\":{\"@id\":\"https:\/\/www.rotopacksrl.com\/fr\/#website\"},\"datePublished\":\"2016-03-30T14:26:34+00:00\",\"dateModified\":\"2016-05-25T08:45:32+00:00\",\"breadcrumb\":{\"@id\":\"https:\/\/www.rotopacksrl.com\/fr\/info-utiles\/sigles-des-materies-demballage\/#breadcrumb\"},\"inLanguage\":\"fr-FR\",\"potentialAction\":[{\"@type\":\"ReadAction\",\"target\":[\"https:\/\/www.rotopacksrl.com\/fr\/info-utiles\/sigles-des-materies-demballage\/\"]}]},{\"@type\":\"BreadcrumbList\",\"@id\":\"https:\/\/www.rotopacksrl.com\/fr\/info-utiles\/sigles-des-materies-demballage\/#breadcrumb\",\"itemListElement\":[{\"@type\":\"ListItem\",\"position\":1,\"name\":\"Home\",\"item\":\"https:\/\/www.rotopacksrl.com\/fr\/\"},{\"@type\":\"ListItem\",\"position\":2,\"name\":\"Info Utiles\",\"item\":\"https:\/\/www.rotopacksrl.com\/fr\/info-utiles\/\"},{\"@type\":\"ListItem\",\"position\":3,\"name\":\"Sigles et Codes des Materies d&#8217;emballage\"}]},{\"@type\":\"WebSite\",\"@id\":\"https:\/\/www.rotopacksrl.com\/fr\/#website\",\"url\":\"https:\/\/www.rotopacksrl.com\/fr\/\",\"name\":\"Rotopack - Packaging machines\",\"description\":\"Confezionatrici &amp; termo-sigillatrici\",\"publisher\":{\"@id\":\"https:\/\/www.rotopacksrl.com\/fr\/#organization\"},\"potentialAction\":[{\"@type\":\"SearchAction\",\"target\":{\"@type\":\"EntryPoint\",\"urlTemplate\":\"https:\/\/www.rotopacksrl.com\/fr\/?s={search_term_string}\"},\"query-input\":\"required name=search_term_string\"}],\"inLanguage\":\"fr-FR\"},{\"@type\":\"Organization\",\"@id\":\"https:\/\/www.rotopacksrl.com\/fr\/#organization\",\"name\":\"Rotopack srl\",\"url\":\"https:\/\/www.rotopacksrl.com\/fr\/\",\"logo\":{\"@type\":\"ImageObject\",\"inLanguage\":\"fr-FR\",\"@id\":\"https:\/\/www.rotopacksrl.com\/fr\/#\/schema\/logo\/image\/\",\"url\":\"https:\/\/www.rotopacksrl.com\/wp-content\/uploads\/2016\/02\/logo-rotopack.png\",\"contentUrl\":\"https:\/\/www.rotopacksrl.com\/wp-content\/uploads\/2016\/02\/logo-rotopack.png\",\"width\":300,\"height\":68,\"caption\":\"Rotopack srl\"},\"image\":{\"@id\":\"https:\/\/www.rotopacksrl.com\/fr\/#\/schema\/logo\/image\/\"},\"sameAs\":[\"https:\/\/www.facebook.com\/rotopackmilano\",\"https:\/\/twitter.com\/Rotopacksrl\",\"https:\/\/www.linkedin.com\/company\/rotopacksrl\/about\/\",\"https:\/\/www.youtube.com\/user\/RotoPacksrl\"]}]}<\/script>\n<!-- \/ Yoast SEO plugin. -->","yoast_head_json":{"title":"Sigles et Codes des Materies d'emballage - Rotopack - Packaging machines","robots":{"index":"index","follow":"follow","max-snippet":"max-snippet:-1","max-image-preview":"max-image-preview:large","max-video-preview":"max-video-preview:-1"},"canonical":"https:\/\/www.rotopacksrl.com\/fr\/info-utiles\/sigles-des-materies-demballage\/","og_locale":"fr_FR","og_type":"article","og_title":"Sigles et Codes des Materies d'emballage - Rotopack - Packaging machines","og_description":"ABS Acrylonitrile-butadi\u00e8ne-styr\u00e8ne AL Aluminium APET Amorphe poly\u00e9thyl\u00e8ne t\u00e9r\u00e9phtalate CPET Poly\u00e9thyl\u00e8ne chlor\u00e9 EPS Polystyr\u00e8ne expanse EVA Ethylene Vinyl Acetate Copolymer EVOH Ethyl\u00e8ne alcool vinylique HDPE Poly\u00e9thyl\u00e8ne haute densit\u00e9 HIPS Polystyr\u00e8ne choc LDPE Poly\u00e9thyl\u00e8ne basse densit\u00e9 LLDPE Lin\u00e9aire poly\u00e9thyl\u00e8ne basse densit\u00e9 MOPP Polypropyl\u00e8ne orient\u00e9 metallique MP Microperfor\u00e9...","og_url":"https:\/\/www.rotopacksrl.com\/fr\/info-utiles\/sigles-des-materies-demballage\/","og_site_name":"Rotopack - Packaging machines","article_publisher":"https:\/\/www.facebook.com\/rotopackmilano","article_modified_time":"2016-05-25T08:45:32+00:00","og_image":[{"url":"http:\/\/rotopack.wpengine.com\/wp-content\/uploads\/2016\/05\/simboli-dei-materiali-300x48.jpg"}],"twitter_card":"summary_large_image","twitter_site":"@Rotopacksrl","twitter_misc":{"Dur\u00e9e de lecture estim\u00e9e":"1 minute"},"schema":{"@context":"https:\/\/schema.org","@graph":[{"@type":"WebPage","@id":"https:\/\/www.rotopacksrl.com\/fr\/info-utiles\/sigles-des-materies-demballage\/","url":"https:\/\/www.rotopacksrl.com\/fr\/info-utiles\/sigles-des-materies-demballage\/","name":"Sigles et Codes des Materies d'emballage - Rotopack - Packaging machines","isPartOf":{"@id":"https:\/\/www.rotopacksrl.com\/fr\/#website"},"datePublished":"2016-03-30T14:26:34+00:00","dateModified":"2016-05-25T08:45:32+00:00","breadcrumb":{"@id":"https:\/\/www.rotopacksrl.com\/fr\/info-utiles\/sigles-des-materies-demballage\/#breadcrumb"},"inLanguage":"fr-FR","potentialAction":[{"@type":"ReadAction","target":["https:\/\/www.rotopacksrl.com\/fr\/info-utiles\/sigles-des-materies-demballage\/"]}]},{"@type":"BreadcrumbList","@id":"https:\/\/www.rotopacksrl.com\/fr\/info-utiles\/sigles-des-materies-demballage\/#breadcrumb","itemListElement":[{"@type":"ListItem","position":1,"name":"Home","item":"https:\/\/www.rotopacksrl.com\/fr\/"},{"@type":"ListItem","position":2,"name":"Info Utiles","item":"https:\/\/www.rotopacksrl.com\/fr\/info-utiles\/"},{"@type":"ListItem","position":3,"name":"Sigles et Codes des Materies d&#8217;emballage"}]},{"@type":"WebSite","@id":"https:\/\/www.rotopacksrl.com\/fr\/#website","url":"https:\/\/www.rotopacksrl.com\/fr\/","name":"Rotopack - Packaging machines","description":"Confezionatrici &amp; termo-sigillatrici","publisher":{"@id":"https:\/\/www.rotopacksrl.com\/fr\/#organization"},"potentialAction":[{"@type":"SearchAction","target":{"@type":"EntryPoint","urlTemplate":"https:\/\/www.rotopacksrl.com\/fr\/?s={search_term_string}"},"query-input":"required name=search_term_string"}],"inLanguage":"fr-FR"},{"@type":"Organization","@id":"https:\/\/www.rotopacksrl.com\/fr\/#organization","name":"Rotopack srl","url":"https:\/\/www.rotopacksrl.com\/fr\/","logo":{"@type":"ImageObject","inLanguage":"fr-FR","@id":"https:\/\/www.rotopacksrl.com\/fr\/#\/schema\/logo\/image\/","url":"https:\/\/www.rotopacksrl.com\/wp-content\/uploads\/2016\/02\/logo-rotopack.png","contentUrl":"https:\/\/www.rotopacksrl.com\/wp-content\/uploads\/2016\/02\/logo-rotopack.png","width":300,"height":68,"caption":"Rotopack srl"},"image":{"@id":"https:\/\/www.rotopacksrl.com\/fr\/#\/schema\/logo\/image\/"},"sameAs":["https:\/\/www.facebook.com\/rotopackmilano","https:\/\/twitter.com\/Rotopacksrl","https:\/\/www.linkedin.com\/company\/rotopacksrl\/about\/","https:\/\/www.youtube.com\/user\/RotoPacksrl"]}]}},"_links":{"self":[{"href":"https:\/\/www.rotopacksrl.com\/fr\/wp-json\/wp\/v2\/pages\/15949","targetHints":{"allow":["GET"]}}],"collection":[{"href":"https:\/\/www.rotopacksrl.com\/fr\/wp-json\/wp\/v2\/pages"}],"about":[{"href":"https:\/\/www.rotopacksrl.com\/fr\/wp-json\/wp\/v2\/types\/page"}],"author":[{"embeddable":true,"href":"https:\/\/www.rotopacksrl.com\/fr\/wp-json\/wp\/v2\/users\/2"}],"replies":[{"embeddable":true,"href":"https:\/\/www.rotopacksrl.com\/fr\/wp-json\/wp\/v2\/comments?post=15949"}],"version-history":[{"count":0,"href":"https:\/\/www.rotopacksrl.com\/fr\/wp-json\/wp\/v2\/pages\/15949\/revisions"}],"up":[{"embeddable":true,"href":"https:\/\/www.rotopacksrl.com\/fr\/wp-json\/wp\/v2\/pages\/16168"}],"wp:attachment":[{"href":"https:\/\/www.rotopacksrl.com\/fr\/wp-json\/wp\/v2\/media?parent=15949"}],"curies":[{"name":"wp","href":"https:\/\/api.w.org\/{rel}","templated":true}]}}