{"id":16032,"date":"2016-06-10T12:02:36","date_gmt":"2016-06-10T10:02:36","guid":{"rendered":"http:\/\/rotopack.wpengine.com\/fr\/?page_id=16032"},"modified":"2016-06-10T12:02:36","modified_gmt":"2016-06-10T10:02:36","slug":"les-materiaux-de-lemballage","status":"publish","type":"page","link":"https:\/\/www.rotopacksrl.com\/fr\/info-utiles\/les-materiaux-de-lemballage\/","title":{"rendered":"Les Materiaux de l\u2019Emballage"},"content":{"rendered":"<p>Ces 40 derni\u00e8res ann\u00e9es, l\u2019emballage alimentaire a eu une incroyable \u00e9volution. Aujourd\u2019hui la grande partie des produits alimentaires est conditionn\u00e9e \u00e0 l\u2019origine, dans des emballages con\u00e7us pour les prot\u00e9ger et en augmenter la conservation, mais \u00e9galement pour en donner une meilleure image aux consommateurs. L\u2019utilisation de mat\u00e9riaux pour les emballages, toujours neufs et meilleurs du point de vue de leur fonctionnalit\u00e9 et rapport co\u00fbt-efficacit\u00e9 s\u2019est souvent accompagn\u00e9e de doutes quant \u00e0 leur s\u00e9curit\u00e9 hygi\u00e9nique.<\/p>\n<p>La r\u00e9glementation italienne relative aux mat\u00e9riaux qui entrent en contact avec les aliments est d\u00e9taill\u00e9e et particuli\u00e8rement s\u00e9v\u00e8re. Tout mat\u00e9riel destin\u00e9 \u00e0 contenir des aliments doit \u00eatre autoris\u00e9 par le Minist\u00e8re de la Sant\u00e9, qui v\u00e9rifie l\u2019absence d\u2019interactions entre emballage et produit. Selon la loi, les mat\u00e9riaux d\u2019emballage idoines pour contenir des produits alimentaires doivent reporter, bien lisible, l&#8217;indication &#8220;pour aliments&#8221; ou le symbole \u00e9quivalent qui repr\u00e9sente un verre et une fourchette.<\/p>\n<p>Il faut v\u00e9rifier que les mat\u00e9riaux utilis\u00e9s pour les emballages alimentaires reportent cette inscription car, ceux qui produisent du mat\u00e9riel d\u2019emballage des aliments, n\u2019ont pas l\u2019obligation de r\u00e9aliser un plan d\u2019auto-contr\u00f4le hygi\u00e9nique sanitaire s\u2019inspirant des principes de l&#8217; HACCP*. Il est toutefois d\u00e9montr\u00e9 que certains mat\u00e9riaux d\u2019emballage, peuvent v\u00e9hiculer vers la nourriture des microorganismes alt\u00e9rants, contaminants chimiques et r\u00e9sidus \u00e9trangers. Exemple plus \u00e9clatant sont le film transparent extensible compos\u00e9 de PVC avec ajout de phtalates pour le rendre plus \u00e9lastique. Ces films ne sont pas adopt\u00e9s pour des emballages d\u2019aliments gras ou huileux (beurre, fromages, charcuteries, viande avec graisse expos\u00e9e) car les phtalates, toxiques pour l\u2019homme, sont solubles dans les graisse et donc peuvent migrer dans les aliments et \u00eatre ing\u00e9r\u00e9s.<\/p>\n<p>Pour leurs caract\u00e9ristiques pratiques et leur co\u00fbt r\u00e9duit, les mati\u00e8res plastiques sont les plus r\u00e9pandues dans l\u2019emballage alimentaire (sachets et barquettes semi-rigides de plastique, r\u00e9cipients en carton, poly-coupl\u00e9, etc.) desquels les polym\u00e8res plastiques repr\u00e9sentent les principaux composants.<\/p>\n<p>Voici les principaux mat\u00e9riaux<\/p>\n<table style=\"width: 717px; border: 1.5pt outset #99ccff; height: 718px;\" width=\"97%\" cellspacing=\"1\" cellpadding=\"0\">\n<tbody>\n<tr style=\"height: 9.85pt;\">\n<td style=\"width: 22.32%; height: 9.85pt; border: 1pt inset #99ccff; padding: 0.75pt;\" width=\"22%\">\n<p class=\"MsoNormal\" style=\"text-align: left;\">Type de mat\u00e9riau<\/p>\n<\/td>\n<td style=\"width: 7.1%; height: 9.85pt; border: 1pt inset #99ccff; padding: 0.75pt; text-align: left;\" width=\"7%\">\n<p class=\"MsoNormal\"><span style=\"font-size: 9pt; font-family: Arial;\"> Sigle<\/span><\/p>\n<\/td>\n<td style=\"width: 70.06%; height: 9.85pt; border: 1pt inset #99ccff; padding: 0.75pt; text-align: left;\" width=\"70%\">\n<p class=\"MsoNormal\">Principales utilisations alimentaires<\/p>\n<\/td>\n<\/tr>\n<tr style=\"height: 23.25pt;\">\n<td style=\"width: 22.32%; height: 23.25pt; border: 1.0pt inset #99CCFF; padding: .75pt;\" width=\"22%\">\n<p class=\"MsoNormal\">Polypropyl\u00e8ne<\/p>\n<\/td>\n<td style=\"width: 7.1%; height: 23.25pt; border: 1.0pt inset #99CCFF; padding: .75pt;\" width=\"7%\">\n<p class=\"MsoNormal\"><span style=\"font-size: 9pt; font-family: Arial;\">PP<\/span><\/p>\n<\/td>\n<td style=\"width: 70.06%; height: 23.25pt; border: 1.0pt inset #99CCFF; padding: .75pt;\" width=\"70%\">\n<p class=\"MsoNormal\"><span style=\"font-size: 9pt; font-family: Arial;\"> R\u00e9sistant aux temp\u00e9ratures, il est utilis\u00e9 pour des barquettes thermoform\u00e9es et des sachets qui sont ensuite r\u00e9chauff\u00e9s ou faits bouillir.<\/span><\/p>\n<\/td>\n<\/tr>\n<tr style=\"height: 23.65pt;\">\n<td style=\"width: 22.32%; height: 23.65pt; border: 1.0pt inset #99CCFF; padding: .75pt;\" width=\"22%\">\n<p class=\"MsoNormal\"><span style=\"font-size: 9pt; font-family: Arial;\">Poly\u00e9thyl\u00e8ne t\u00e9r\u00e9phtalate (Polyester)<\/span><\/p>\n<\/td>\n<td style=\"width: 7.1%; height: 23.65pt; border: 1.0pt inset #99CCFF; padding: .75pt;\" width=\"7%\">\n<p class=\"MsoNormal\"><span style=\"font-size: 9pt; font-family: Arial;\">PET<\/span><\/p>\n<\/td>\n<td style=\"width: 70.06%; height: 23.65pt; border: 1.0pt inset #99CCFF; padding: .75pt;\" width=\"70%\">\n<p class=\"MsoNormal\">Bouteilles pour eau et boissons gazeuses, r\u00e9cipients pour caf\u00e9, miel, aliments froids tels que glaces, surgel\u00e9s, fruits et l\u00e9gumes, charcuteries, fromages.<\/p>\n<\/td>\n<\/tr>\n<tr style=\"height: 17.0pt;\">\n<td style=\"width: 22.32%; height: 17.0pt; border: 1.0pt inset #99CCFF; padding: .75pt;\" width=\"22%\">\n<p class=\"MsoNormal\"><span style=\"font-size: 9pt; font-family: Arial;\"> Polystyr\u00e8ne<\/span><\/p>\n<\/td>\n<td style=\"width: 7.1%; height: 17.0pt; border: 1.0pt inset #99CCFF; padding: .75pt;\" width=\"7%\">\n<p class=\"MsoNormal\"><span style=\"font-size: 9pt; font-family: Arial;\">PS<\/span><\/p>\n<\/td>\n<td style=\"width: 70.06%; height: 17.0pt; border: 1.0pt inset #99CCFF; padding: .75pt;\" width=\"70%\">Id\u00e9al pour la conservation d\u2019aliments p\u00e9rissables aux basses temp\u00e9ratures, comme poisson, viandes, glaces, yaourt.<\/td>\n<\/tr>\n<tr style=\"height: 3.75pt;\">\n<td style=\"width: 22.32%; height: 3.75pt; border: 1.0pt inset #99CCFF; padding: .75pt;\" width=\"22%\">\n<p class=\"MsoNormal\"><span style=\"font-size: 9pt; font-family: Arial;\"> Chlorure de polyvinyle rigide<\/span><\/p>\n<\/td>\n<td style=\"width: 7.1%; height: 3.75pt; border: 1.0pt inset #99CCFF; padding: .75pt;\" width=\"7%\">\n<p class=\"MsoNormal\"><span style=\"font-size: 9pt; font-family: Arial;\">PVC<\/span><\/p>\n<\/td>\n<td style=\"width: 70.06%; height: 3.75pt; border: 1.0pt inset #99CCFF; padding: .75pt;\" width=\"70%\">\n<p class=\"MsoNormal\"><span style=\"font-size: 9pt; font-family: Arial;\"> Excellent pour des produits sans graisses; s\u2019utilise pour des bouteilles, barquettes thermoform\u00e9es et plateaux moul\u00e9s pour biscuits, pain, fruits et l\u00e9gumes verts..<\/span><\/p>\n<\/td>\n<\/tr>\n<tr style=\"height: .75pt;\">\n<td style=\"width: 22.32%; height: .75pt; border: 1.0pt inset #99CCFF; padding: .75pt;\" width=\"22%\">\n<p class=\"MsoNormal\"><span style=\"font-size: 9pt; font-family: Arial;\"> Poly\u00e9thyl\u00e8ne \u00e0 haute densit\u00e9<\/span><\/p>\n<\/td>\n<td style=\"width: 7.1%; height: .75pt; border: 1.0pt inset #99CCFF; padding: .75pt;\" width=\"7%\">\n<p class=\"MsoNormal\"><span style=\"font-size: 9pt; font-family: Arial;\">HDPE<\/span><\/p>\n<\/td>\n<td style=\"width: 70.06%; height: .75pt; border: 1.0pt inset #99CCFF; padding: .75pt;\" width=\"70%\">\n<p class=\"MsoNormal\"><span style=\"font-size: 9pt; font-family: Arial;\">Il est produit en forme de fil, d\u2019\u00e9paisseur majeure, comme celui utilis\u00e9 pour les habituels sachets en plastique pour les provisions ou les sachets \u00e0 ordure<\/span><\/p>\n<\/td>\n<\/tr>\n<tr style=\"height: 10.5pt;\">\n<td style=\"width: 22.32%; height: 10.5pt; border: 1.0pt inset #99CCFF; padding: .75pt;\" width=\"22%\">\n<p class=\"MsoNormal\"><span style=\"font-size: 9pt; font-family: Arial;\"> Poly\u00e9thyl\u00e8ne \u00e0 basse densit\u00e9<\/span><\/p>\n<\/td>\n<td style=\"width: 7.1%; height: 10.5pt; border: 1.0pt inset #99CCFF; padding: .75pt;\" width=\"7%\">\n<p class=\"MsoNormal\"><span style=\"font-size: 9pt; font-family: Arial;\">LDPE<\/span><\/p>\n<\/td>\n<td style=\"width: 70.06%; height: 10.5pt; border: 1.0pt inset #99CCFF; padding: .75pt;\" width=\"70%\">\n<p class=\"MsoNormal\"><span style=\"font-size: 9pt; font-family: Arial;\"> Tr\u00e8s utilis\u00e9 dans la fabrication d\u2019emballages plastiques flexibles accoupl\u00e9 avec d\u2019autres mat\u00e9riaux.<\/span><\/p>\n<\/td>\n<\/tr>\n<tr style=\"height: 24.75pt;\">\n<td style=\"width: 22.32%; height: 24.75pt; border: 1.0pt inset #99CCFF; padding: .75pt;\" width=\"22%\">\n<p class=\"MsoNormal\"><span style=\"font-size: 9pt; font-family: Arial;\">Polividen chlorure ou Cryovac<\/span><\/p>\n<\/td>\n<td style=\"width: 7.1%; height: 24.75pt; border: 1.0pt inset #99CCFF; padding: .75pt;\" width=\"7%\">\n<p class=\"MsoNormal\"><span style=\"font-size: 9pt; font-family: Arial;\">PVDC<\/span><\/p>\n<\/td>\n<td style=\"width: 70.06%; height: 24.75pt; border: 1.0pt inset #99CCFF; padding: .75pt;\" width=\"70%\">\n<p class=\"MsoNormal\"><span style=\"font-size: 9pt; font-family: Arial;\">Utilis\u00e9s pour fabriquer des films plastiques extensibles pour emballer du pain et d\u2019autres produits secs.&lt;0} {0&gt;Si usa anche per rivestire la carta, cellophane e altri film plastici.&lt;}0{&gt;Il est utilis\u00e9 \u00e9galement pour rev\u00eatir le papier, cellophane et d\u2019autres films plastiques.<\/span><\/p>\n<\/td>\n<\/tr>\n<tr style=\"height: .75pt;\">\n<td style=\"width: 22.32%; height: 0.75pt; border: 1pt inset #99ccff; padding: 0.75pt; text-align: left;\" width=\"22%\">\n<p class=\"MsoNormal\">Polyamides (nylon)<\/p>\n<\/td>\n<td style=\"width: 7.1%; height: 0.75pt; border: 1pt inset #99ccff; padding: 0.75pt; text-align: left;\" width=\"7%\">\n<p class=\"MsoNormal\"><span style=\"font-size: 9pt; font-family: Arial;\">PA<\/span><\/p>\n<\/td>\n<td style=\"width: 70.06%; height: .75pt; border: 1.0pt inset #99CCFF; padding: .75pt;\" width=\"70%\">\n<p class=\"MsoNormal\" style=\"text-align: left;\"><span style=\"font-size: 9pt; font-family: Arial;\">Gr\u00e2ce \u00e0 la faible perm\u00e9abilit\u00e9 aux gaz, il est utilis\u00e9 dans la pr\u00e9paration de r\u00e9cipients destin\u00e9s \u00e0 maintenir le vide ou l\u2019atmosph\u00e8re modifi\u00e9e<\/span><\/p>\n<\/td>\n<\/tr>\n<\/tbody>\n<\/table>\n","protected":false},"excerpt":{"rendered":"<p>Ces 40 derni\u00e8res ann\u00e9es, l\u2019emballage alimentaire a eu une incroyable \u00e9volution. Aujourd\u2019hui la grande partie des produits alimentaires est conditionn\u00e9e \u00e0 l\u2019origine, dans des emballages con\u00e7us pour les prot\u00e9ger et en augmenter la conservation, mais \u00e9galement pour en donner une meilleure image aux consommateurs. L\u2019utilisation&#8230;<\/p>\n","protected":false},"author":3,"featured_media":0,"parent":16168,"menu_order":40,"comment_status":"closed","ping_status":"closed","template":"","meta":{"footnotes":""},"class_list":["post-16032","page","type-page","status-publish","hentry"],"yoast_head":"<!-- This site is optimized with the Yoast SEO plugin v21.8 - https:\/\/yoast.com\/wordpress\/plugins\/seo\/ -->\n<title>Les Materiaux de l\u2019Emballage - Rotopack - Packaging machines<\/title>\n<meta name=\"robots\" content=\"index, follow, max-snippet:-1, max-image-preview:large, max-video-preview:-1\" \/>\n<link rel=\"canonical\" href=\"https:\/\/www.rotopacksrl.com\/fr\/info-utiles\/les-materiaux-de-lemballage\/\" \/>\n<meta property=\"og:locale\" content=\"fr_FR\" \/>\n<meta property=\"og:type\" content=\"article\" \/>\n<meta property=\"og:title\" content=\"Les Materiaux de l\u2019Emballage - Rotopack - Packaging machines\" \/>\n<meta property=\"og:description\" content=\"Ces 40 derni\u00e8res ann\u00e9es, l\u2019emballage alimentaire a eu une incroyable \u00e9volution. Aujourd\u2019hui la grande partie des produits alimentaires est conditionn\u00e9e \u00e0 l\u2019origine, dans des emballages con\u00e7us pour les prot\u00e9ger et en augmenter la conservation, mais \u00e9galement pour en donner une meilleure image aux consommateurs. L\u2019utilisation...\" \/>\n<meta property=\"og:url\" content=\"https:\/\/www.rotopacksrl.com\/fr\/info-utiles\/les-materiaux-de-lemballage\/\" \/>\n<meta property=\"og:site_name\" content=\"Rotopack - Packaging machines\" \/>\n<meta property=\"article:publisher\" content=\"https:\/\/www.facebook.com\/rotopackmilano\" \/>\n<meta name=\"twitter:card\" content=\"summary_large_image\" \/>\n<meta name=\"twitter:site\" content=\"@Rotopacksrl\" \/>\n<meta name=\"twitter:label1\" content=\"Dur\u00e9e de lecture estim\u00e9e\" \/>\n\t<meta name=\"twitter:data1\" content=\"3 minutes\" \/>\n<script type=\"application\/ld+json\" class=\"yoast-schema-graph\">{\"@context\":\"https:\/\/schema.org\",\"@graph\":[{\"@type\":\"WebPage\",\"@id\":\"https:\/\/www.rotopacksrl.com\/fr\/info-utiles\/les-materiaux-de-lemballage\/\",\"url\":\"https:\/\/www.rotopacksrl.com\/fr\/info-utiles\/les-materiaux-de-lemballage\/\",\"name\":\"Les Materiaux de l\u2019Emballage - Rotopack - Packaging machines\",\"isPartOf\":{\"@id\":\"https:\/\/www.rotopacksrl.com\/fr\/#website\"},\"datePublished\":\"2016-06-10T10:02:36+00:00\",\"dateModified\":\"2016-06-10T10:02:36+00:00\",\"breadcrumb\":{\"@id\":\"https:\/\/www.rotopacksrl.com\/fr\/info-utiles\/les-materiaux-de-lemballage\/#breadcrumb\"},\"inLanguage\":\"fr-FR\",\"potentialAction\":[{\"@type\":\"ReadAction\",\"target\":[\"https:\/\/www.rotopacksrl.com\/fr\/info-utiles\/les-materiaux-de-lemballage\/\"]}]},{\"@type\":\"BreadcrumbList\",\"@id\":\"https:\/\/www.rotopacksrl.com\/fr\/info-utiles\/les-materiaux-de-lemballage\/#breadcrumb\",\"itemListElement\":[{\"@type\":\"ListItem\",\"position\":1,\"name\":\"Home\",\"item\":\"https:\/\/www.rotopacksrl.com\/fr\/\"},{\"@type\":\"ListItem\",\"position\":2,\"name\":\"Info Utiles\",\"item\":\"https:\/\/www.rotopacksrl.com\/fr\/info-utiles\/\"},{\"@type\":\"ListItem\",\"position\":3,\"name\":\"Les Materiaux de l\u2019Emballage\"}]},{\"@type\":\"WebSite\",\"@id\":\"https:\/\/www.rotopacksrl.com\/fr\/#website\",\"url\":\"https:\/\/www.rotopacksrl.com\/fr\/\",\"name\":\"Rotopack - Packaging machines\",\"description\":\"Confezionatrici &amp; termo-sigillatrici\",\"publisher\":{\"@id\":\"https:\/\/www.rotopacksrl.com\/fr\/#organization\"},\"potentialAction\":[{\"@type\":\"SearchAction\",\"target\":{\"@type\":\"EntryPoint\",\"urlTemplate\":\"https:\/\/www.rotopacksrl.com\/fr\/?s={search_term_string}\"},\"query-input\":\"required name=search_term_string\"}],\"inLanguage\":\"fr-FR\"},{\"@type\":\"Organization\",\"@id\":\"https:\/\/www.rotopacksrl.com\/fr\/#organization\",\"name\":\"Rotopack srl\",\"url\":\"https:\/\/www.rotopacksrl.com\/fr\/\",\"logo\":{\"@type\":\"ImageObject\",\"inLanguage\":\"fr-FR\",\"@id\":\"https:\/\/www.rotopacksrl.com\/fr\/#\/schema\/logo\/image\/\",\"url\":\"https:\/\/www.rotopacksrl.com\/wp-content\/uploads\/2016\/02\/logo-rotopack.png\",\"contentUrl\":\"https:\/\/www.rotopacksrl.com\/wp-content\/uploads\/2016\/02\/logo-rotopack.png\",\"width\":300,\"height\":68,\"caption\":\"Rotopack srl\"},\"image\":{\"@id\":\"https:\/\/www.rotopacksrl.com\/fr\/#\/schema\/logo\/image\/\"},\"sameAs\":[\"https:\/\/www.facebook.com\/rotopackmilano\",\"https:\/\/twitter.com\/Rotopacksrl\",\"https:\/\/www.linkedin.com\/company\/rotopacksrl\/about\/\",\"https:\/\/www.youtube.com\/user\/RotoPacksrl\"]}]}<\/script>\n<!-- \/ Yoast SEO plugin. -->","yoast_head_json":{"title":"Les Materiaux de l\u2019Emballage - Rotopack - Packaging machines","robots":{"index":"index","follow":"follow","max-snippet":"max-snippet:-1","max-image-preview":"max-image-preview:large","max-video-preview":"max-video-preview:-1"},"canonical":"https:\/\/www.rotopacksrl.com\/fr\/info-utiles\/les-materiaux-de-lemballage\/","og_locale":"fr_FR","og_type":"article","og_title":"Les Materiaux de l\u2019Emballage - Rotopack - Packaging machines","og_description":"Ces 40 derni\u00e8res ann\u00e9es, l\u2019emballage alimentaire a eu une incroyable \u00e9volution. Aujourd\u2019hui la grande partie des produits alimentaires est conditionn\u00e9e \u00e0 l\u2019origine, dans des emballages con\u00e7us pour les prot\u00e9ger et en augmenter la conservation, mais \u00e9galement pour en donner une meilleure image aux consommateurs. L\u2019utilisation...","og_url":"https:\/\/www.rotopacksrl.com\/fr\/info-utiles\/les-materiaux-de-lemballage\/","og_site_name":"Rotopack - Packaging machines","article_publisher":"https:\/\/www.facebook.com\/rotopackmilano","twitter_card":"summary_large_image","twitter_site":"@Rotopacksrl","twitter_misc":{"Dur\u00e9e de lecture estim\u00e9e":"3 minutes"},"schema":{"@context":"https:\/\/schema.org","@graph":[{"@type":"WebPage","@id":"https:\/\/www.rotopacksrl.com\/fr\/info-utiles\/les-materiaux-de-lemballage\/","url":"https:\/\/www.rotopacksrl.com\/fr\/info-utiles\/les-materiaux-de-lemballage\/","name":"Les Materiaux de l\u2019Emballage - Rotopack - Packaging machines","isPartOf":{"@id":"https:\/\/www.rotopacksrl.com\/fr\/#website"},"datePublished":"2016-06-10T10:02:36+00:00","dateModified":"2016-06-10T10:02:36+00:00","breadcrumb":{"@id":"https:\/\/www.rotopacksrl.com\/fr\/info-utiles\/les-materiaux-de-lemballage\/#breadcrumb"},"inLanguage":"fr-FR","potentialAction":[{"@type":"ReadAction","target":["https:\/\/www.rotopacksrl.com\/fr\/info-utiles\/les-materiaux-de-lemballage\/"]}]},{"@type":"BreadcrumbList","@id":"https:\/\/www.rotopacksrl.com\/fr\/info-utiles\/les-materiaux-de-lemballage\/#breadcrumb","itemListElement":[{"@type":"ListItem","position":1,"name":"Home","item":"https:\/\/www.rotopacksrl.com\/fr\/"},{"@type":"ListItem","position":2,"name":"Info Utiles","item":"https:\/\/www.rotopacksrl.com\/fr\/info-utiles\/"},{"@type":"ListItem","position":3,"name":"Les Materiaux de l\u2019Emballage"}]},{"@type":"WebSite","@id":"https:\/\/www.rotopacksrl.com\/fr\/#website","url":"https:\/\/www.rotopacksrl.com\/fr\/","name":"Rotopack - Packaging machines","description":"Confezionatrici &amp; termo-sigillatrici","publisher":{"@id":"https:\/\/www.rotopacksrl.com\/fr\/#organization"},"potentialAction":[{"@type":"SearchAction","target":{"@type":"EntryPoint","urlTemplate":"https:\/\/www.rotopacksrl.com\/fr\/?s={search_term_string}"},"query-input":"required name=search_term_string"}],"inLanguage":"fr-FR"},{"@type":"Organization","@id":"https:\/\/www.rotopacksrl.com\/fr\/#organization","name":"Rotopack srl","url":"https:\/\/www.rotopacksrl.com\/fr\/","logo":{"@type":"ImageObject","inLanguage":"fr-FR","@id":"https:\/\/www.rotopacksrl.com\/fr\/#\/schema\/logo\/image\/","url":"https:\/\/www.rotopacksrl.com\/wp-content\/uploads\/2016\/02\/logo-rotopack.png","contentUrl":"https:\/\/www.rotopacksrl.com\/wp-content\/uploads\/2016\/02\/logo-rotopack.png","width":300,"height":68,"caption":"Rotopack srl"},"image":{"@id":"https:\/\/www.rotopacksrl.com\/fr\/#\/schema\/logo\/image\/"},"sameAs":["https:\/\/www.facebook.com\/rotopackmilano","https:\/\/twitter.com\/Rotopacksrl","https:\/\/www.linkedin.com\/company\/rotopacksrl\/about\/","https:\/\/www.youtube.com\/user\/RotoPacksrl"]}]}},"_links":{"self":[{"href":"https:\/\/www.rotopacksrl.com\/fr\/wp-json\/wp\/v2\/pages\/16032","targetHints":{"allow":["GET"]}}],"collection":[{"href":"https:\/\/www.rotopacksrl.com\/fr\/wp-json\/wp\/v2\/pages"}],"about":[{"href":"https:\/\/www.rotopacksrl.com\/fr\/wp-json\/wp\/v2\/types\/page"}],"author":[{"embeddable":true,"href":"https:\/\/www.rotopacksrl.com\/fr\/wp-json\/wp\/v2\/users\/3"}],"replies":[{"embeddable":true,"href":"https:\/\/www.rotopacksrl.com\/fr\/wp-json\/wp\/v2\/comments?post=16032"}],"version-history":[{"count":0,"href":"https:\/\/www.rotopacksrl.com\/fr\/wp-json\/wp\/v2\/pages\/16032\/revisions"}],"up":[{"embeddable":true,"href":"https:\/\/www.rotopacksrl.com\/fr\/wp-json\/wp\/v2\/pages\/16168"}],"wp:attachment":[{"href":"https:\/\/www.rotopacksrl.com\/fr\/wp-json\/wp\/v2\/media?parent=16032"}],"curies":[{"name":"wp","href":"https:\/\/api.w.org\/{rel}","templated":true}]}}