{"id":16035,"date":"2016-03-30T16:06:59","date_gmt":"2016-03-30T14:06:59","guid":{"rendered":"http:\/\/rotopack.wpengine.com\/fr\/limballaggio-in-atmosfera-modificata-map\/"},"modified":"2016-06-10T13:30:29","modified_gmt":"2016-06-10T11:30:29","slug":"limballaggio-in-atmosfera-modificata-map","status":"publish","type":"page","link":"https:\/\/www.rotopacksrl.com\/fr\/info-utiles\/limballaggio-in-atmosfera-modificata-map\/","title":{"rendered":"Les matieriaux de l\u2019 Eemballage MAP (emballage en atmosphere modifi\u00e9e)"},"content":{"rendered":"<p style=\"text-align: justify;\">\n<p style=\"text-align: justify;\">Un discours plus approfondi doit \u00eatre r\u00e9serv\u00e9 aux mati\u00e8res plastiques dans l\u2019emballage en atmosph\u00e8re modifi\u00e9e car les gaz de conservation traversent plus ou moins facilement quelques polym\u00e8res par rapport \u00e0 d\u2019autres. Evidemment pour rendre efficace la modification d\u2019atmosph\u00e8re dans l\u2019emballage et donc la plus grande conservation de l\u2019aliment il doit y avoir le moindre \u00e9change possible de gaz entre emballage et environnement ; pour cela on parle de film barri\u00e8re, c\u2019est-\u00e0-dire de films compos\u00e9s de polym\u00e8res avec basse perm\u00e9abilit\u00e9 aux gaz.<br \/>\nLes mati\u00e8res plastiques qui ont caract\u00e9ristiques de barri\u00e8re ne sont pas nombreux, ils sont plut\u00f4t couteux et, parfois, n\u2019ont pas les caract\u00e9ristiques n\u00e9cessaires de soudabilit\u00e9 et conformit\u00e9 au contact avec les aliments. Pour cette raison on a recours \u00e0 la r\u00e9alisation de barquettes et de sachets multicouche, en associant \u00e0 l\u2019aide de diff\u00e9rentes techniques (comme le laminage ou la co-extrusion) diff\u00e9rents mat\u00e9riaux.<\/p>\n<p style=\"text-align: justify;\">\n<p style=\"text-align: justify;\">Le tableau report\u00e9 ci-dessous montre la perm\u00e9abilit\u00e9 \u00e0 l\u2019oxyg\u00e8ne des mati\u00e8res plastiques les plus communes :<\/p>\n<table style=\"width: 84.96%; border: 1.5pt outset #99CCFF;\" width=\"84%\" cellspacing=\"1\" cellpadding=\"0\">\n<tbody>\n<tr style=\"height: 16.5pt;\">\n<td style=\"width: 41.82%; height: 16.5pt; border: 1.0pt inset #99CCFF; padding: .75pt;\" width=\"41%\">\n<p class=\"MsoNormal\"><span style=\"font-size: 9pt; font-family: Arial;\">Mati\u00e8re plastique du film<\/p>\n<p><\/span><\/p>\n<\/td>\n<td style=\"width: 57.74%; height: 16.5pt; border: 1.0pt inset #99CCFF; padding: .75pt;\" width=\"57%\">\n<p class=\"MsoNormal\"><span style=\"font-size: 9pt; font-family: Arial;\">Perm\u00e9abilit\u00e9 \u00e0 l\u2019oxyg\u00e8ne d\u2019un film de 25 \u00b5m d\u2019\u00e9paisseur<br \/>\n(cm3\/m2 24h bars)<br \/>\n<\/span><\/p>\n<\/td>\n<\/tr>\n<tr style=\"height: 8.35pt;\">\n<td style=\"width: 41.82%; height: 8.35pt; border: 1.0pt inset #99CCFF; padding: .75pt;\" width=\"41%\">\n<p class=\"MsoNormal\"><span style=\"font-size: 9pt; font-family: Arial;\"><br \/>\nPoly\u00e9thyl\u00e8ne \u00e0 basse densit\u00e9 (LDPE)<br \/>\n<\/span><\/p>\n<\/td>\n<td style=\"width: 57.74%; height: 8.35pt; border: 1.0pt inset #99CCFF; padding: .75pt;\" width=\"57%\">\n<p class=\"MsoNormal\"><span style=\"font-size: 9pt; font-family: Arial;\"><br \/>\n7000-8000<\/span><\/p>\n<\/td>\n<\/tr>\n<tr style=\"height: 8.35pt;\">\n<td style=\"width: 41.82%; height: 8.35pt; border: 1.0pt inset #99CCFF; padding: .75pt;\" width=\"41%\">\n<p class=\"MsoNormal\"><span style=\"font-size: 9pt; font-family: Arial;\"><br \/>\nPoly\u00e9thyl\u00e8ne \u00e0 haute densit\u00e9 (HDPE)<\/span><\/p>\n<\/td>\n<td style=\"width: 57.74%; height: 8.35pt; border: 1.0pt inset #99CCFF; padding: .75pt;\" width=\"57%\">\n<p class=\"MsoNormal\"><span style=\"font-size: 9pt; font-family: Arial;\"><br \/>\n2800-3000<\/span><\/p>\n<\/td>\n<\/tr>\n<tr style=\"height: 8.35pt;\">\n<td style=\"width: 41.82%; height: 8.35pt; border: 1.0pt inset #99CCFF; padding: .75pt;\" width=\"41%\">\n<p class=\"MsoNormal\"><span style=\"font-size: 9pt; font-family: Arial;\"><br \/>\nPolypropyl\u00e8ne (PP)<\/span><\/p>\n<\/td>\n<td style=\"width: 57.74%; height: 8.35pt; border: 1.0pt inset #99CCFF; padding: .75pt;\" width=\"57%\">\n<p class=\"MsoNormal\"><span style=\"font-size: 9pt; font-family: Arial;\"><br \/>\n2300-3700<\/span><\/p>\n<\/td>\n<\/tr>\n<tr style=\"height: 8.35pt;\">\n<td style=\"width: 41.82%; height: 8.35pt; border: 1.0pt inset #99CCFF; padding: .75pt;\" width=\"41%\">\n<p class=\"MsoNormal\"><span style=\"font-size: 9pt; font-family: Arial;\"><br \/>\nChlorure de polyvinyle plastifi\u00e9 (PVC)<\/span><\/p>\n<\/td>\n<td style=\"width: 57.74%; height: 8.35pt; border: 1.0pt inset #99CCFF; padding: .75pt;\" width=\"57%\">\n<p class=\"MsoNormal\"><span style=\"font-size: 9pt; font-family: Arial;\"><br \/>\n6000-9000<\/span><\/p>\n<\/td>\n<\/tr>\n<tr style=\"height: 8.35pt;\">\n<td style=\"width: 41.82%; height: 8.35pt; border: 1.0pt inset #99CCFF; padding: .75pt;\" width=\"41%\">\n<p class=\"MsoNormal\"><span style=\"font-size: 9pt; font-family: Arial;\"><br \/>\nPolystyr\u00e8ne (PS)<\/span><\/p>\n<\/td>\n<td style=\"width: 57.74%; height: 8.35pt; border: 1.0pt inset #99CCFF; padding: .75pt;\" width=\"57%\">\n<p class=\"MsoNormal\"><span style=\"font-size: 9pt; font-family: Arial;\"><br \/>\n3800-5400<\/span><\/p>\n<\/td>\n<\/tr>\n<tr style=\"height: 8.4pt;\">\n<td style=\"width: 41.82%; height: 8.4pt; border: 1.0pt inset #99CCFF; padding: .75pt;\" width=\"41%\">\n<p class=\"MsoNormal\"><span style=\"font-size: 9pt; font-family: Arial;\"><br \/>\nPoly\u00e9thyl\u00e8ne t\u00e9r\u00e9phtalate (PET)<\/span><\/p>\n<\/td>\n<td style=\"width: 57.74%; height: 8.4pt; border: 1.0pt inset #99CCFF; padding: .75pt;\" width=\"57%\">\n<p class=\"MsoNormal\"><span style=\"font-size: 9pt; font-family: Arial;\"><br \/>\n45-90<\/span><\/p>\n<\/td>\n<\/tr>\n<tr style=\"height: 8.35pt;\">\n<td style=\"width: 41.82%; height: 8.35pt; border: 1.0pt inset #99CCFF; padding: .75pt;\" width=\"41%\">\n<p class=\"MsoNormal\"><span style=\"font-size: 9pt; font-family: Arial;\"><br \/>\nPolyamide 6 (PA6)<\/span><\/p>\n<\/td>\n<td style=\"width: 57.74%; height: 8.35pt; border: 1.0pt inset #99CCFF; padding: .75pt;\" width=\"57%\">\n<p class=\"MsoNormal\"><span style=\"font-size: 9pt; font-family: Arial;\"><br \/>\n20-40<\/span><\/p>\n<\/td>\n<\/tr>\n<tr style=\"height: 8.35pt;\">\n<td style=\"width: 41.82%; height: 8.35pt; border: 1.0pt inset #99CCFF; padding: .75pt;\" width=\"41%\">\n<p class=\"MsoNormal\"><span style=\"font-size: 9pt; font-family: Arial;\"><br \/>\nPolyamide 11 (PA11)<\/span><\/p>\n<\/td>\n<td style=\"width: 57.74%; height: 8.35pt; border: 1.0pt inset #99CCFF; padding: .75pt;\" width=\"57%\">\n<p class=\"MsoNormal\"><span style=\"font-size: 9pt; font-family: Arial;\"><br \/>\n500-1500<\/span><\/p>\n<\/td>\n<\/tr>\n<tr style=\"height: 8.35pt;\">\n<td style=\"width: 41.82%; height: 8.35pt; border: 1.0pt inset #99CCFF; padding: .75pt;\" width=\"41%\">\n<p class=\"MsoNormal\"><span style=\"font-size: 9pt; font-family: Arial;\"><br \/>\nPoly \/chlorure de vinylid\u00e8ne (PVDC)<\/span><\/p>\n<\/td>\n<td style=\"width: 57.74%; height: 8.35pt; border: 1.0pt inset #99CCFF; padding: .75pt;\" width=\"57%\">\n<p class=\"MsoNormal\"><span style=\"font-size: 9pt; font-family: Arial;\"><br \/>\n12-100<\/span><\/p>\n<\/td>\n<\/tr>\n<tr style=\"height: 8.35pt;\">\n<td style=\"width: 41.82%; height: 8.35pt; border: 1.0pt inset #99CCFF; padding: .75pt;\" width=\"41%\">\n<p class=\"MsoNormal\"><span style=\"font-size: 9pt; font-family: Arial;\"><br \/>\nCopolym\u00e8re \u00e9thyl\u00e8ne de vinyle alcool (EVOH)<br \/>\n<\/span><\/p>\n<\/td>\n<td style=\"width: 57.74%; height: 8.35pt; border: 1.0pt inset #99CCFF; padding: .75pt;\" width=\"57%\">\n<p class=\"MsoNormal\"><span style=\"font-size: 9pt; font-family: Arial;\">1-2<\/span><\/p>\n<\/td>\n<\/tr>\n<\/tbody>\n<\/table>\n<p>&nbsp;<\/p>\n<p>Evidemment plus grande est l\u2019\u00e9paisseur de l\u2019emballage et moindre est la perm\u00e9abilit\u00e9 et au contraire plus grande sont les dimensions de l\u2019emballage et plus grande est la perte de gaz.<br \/>\nEn partant de ces mat\u00e9riaux sont r\u00e9alis\u00e9es des barquettes thermoform\u00e9es et films \u00e0 tr\u00e8s haute, haute et moyenne barri\u00e8re selon le produit qui doivent contenir et longueur de la p\u00e9riode de conservation demand\u00e9e.<\/p>\n<p>&nbsp;<\/p>\n<p>&nbsp;<br \/>\n*HACCP: Hazard Analysis Critical Control Points<\/p>\n","protected":false},"excerpt":{"rendered":"<p>Un discours plus approfondi doit \u00eatre r\u00e9serv\u00e9 aux mati\u00e8res plastiques dans l\u2019emballage en atmosph\u00e8re modifi\u00e9e car les gaz de conservation traversent plus ou moins facilement quelques polym\u00e8res par rapport \u00e0 d\u2019autres. Evidemment pour rendre efficace la modification d\u2019atmosph\u00e8re dans l\u2019emballage et donc la plus grande&#8230;<\/p>\n","protected":false},"author":2,"featured_media":0,"parent":16168,"menu_order":50,"comment_status":"closed","ping_status":"closed","template":"","meta":{"footnotes":""},"class_list":["post-16035","page","type-page","status-publish","hentry"],"yoast_head":"<!-- This site is optimized with the Yoast SEO plugin v21.8 - https:\/\/yoast.com\/wordpress\/plugins\/seo\/ -->\n<title>Les matieriaux de l\u2019 Eemballage MAP (emballage en atmosphere modifi\u00e9e) - Rotopack - Packaging machines<\/title>\n<meta name=\"robots\" content=\"index, follow, max-snippet:-1, max-image-preview:large, max-video-preview:-1\" \/>\n<link rel=\"canonical\" href=\"https:\/\/www.rotopacksrl.com\/fr\/info-utiles\/limballaggio-in-atmosfera-modificata-map\/\" \/>\n<meta property=\"og:locale\" content=\"fr_FR\" \/>\n<meta property=\"og:type\" content=\"article\" \/>\n<meta property=\"og:title\" content=\"Les matieriaux de l\u2019 Eemballage MAP (emballage en atmosphere modifi\u00e9e) - Rotopack - Packaging machines\" \/>\n<meta property=\"og:description\" content=\"Un discours plus approfondi doit \u00eatre r\u00e9serv\u00e9 aux mati\u00e8res plastiques dans l\u2019emballage en atmosph\u00e8re modifi\u00e9e car les gaz de conservation traversent plus ou moins facilement quelques polym\u00e8res par rapport \u00e0 d\u2019autres. Evidemment pour rendre efficace la modification d\u2019atmosph\u00e8re dans l\u2019emballage et donc la plus grande...\" \/>\n<meta property=\"og:url\" content=\"https:\/\/www.rotopacksrl.com\/fr\/info-utiles\/limballaggio-in-atmosfera-modificata-map\/\" \/>\n<meta property=\"og:site_name\" content=\"Rotopack - Packaging machines\" \/>\n<meta property=\"article:publisher\" content=\"https:\/\/www.facebook.com\/rotopackmilano\" \/>\n<meta property=\"article:modified_time\" content=\"2016-06-10T11:30:29+00:00\" \/>\n<meta name=\"twitter:card\" content=\"summary_large_image\" \/>\n<meta name=\"twitter:site\" content=\"@Rotopacksrl\" \/>\n<meta name=\"twitter:label1\" content=\"Dur\u00e9e de lecture estim\u00e9e\" \/>\n\t<meta name=\"twitter:data1\" content=\"2 minutes\" \/>\n<script type=\"application\/ld+json\" class=\"yoast-schema-graph\">{\"@context\":\"https:\/\/schema.org\",\"@graph\":[{\"@type\":\"WebPage\",\"@id\":\"https:\/\/www.rotopacksrl.com\/fr\/info-utiles\/limballaggio-in-atmosfera-modificata-map\/\",\"url\":\"https:\/\/www.rotopacksrl.com\/fr\/info-utiles\/limballaggio-in-atmosfera-modificata-map\/\",\"name\":\"Les matieriaux de l\u2019 Eemballage MAP (emballage en atmosphere modifi\u00e9e) - Rotopack - Packaging machines\",\"isPartOf\":{\"@id\":\"https:\/\/www.rotopacksrl.com\/fr\/#website\"},\"datePublished\":\"2016-03-30T14:06:59+00:00\",\"dateModified\":\"2016-06-10T11:30:29+00:00\",\"breadcrumb\":{\"@id\":\"https:\/\/www.rotopacksrl.com\/fr\/info-utiles\/limballaggio-in-atmosfera-modificata-map\/#breadcrumb\"},\"inLanguage\":\"fr-FR\",\"potentialAction\":[{\"@type\":\"ReadAction\",\"target\":[\"https:\/\/www.rotopacksrl.com\/fr\/info-utiles\/limballaggio-in-atmosfera-modificata-map\/\"]}]},{\"@type\":\"BreadcrumbList\",\"@id\":\"https:\/\/www.rotopacksrl.com\/fr\/info-utiles\/limballaggio-in-atmosfera-modificata-map\/#breadcrumb\",\"itemListElement\":[{\"@type\":\"ListItem\",\"position\":1,\"name\":\"Home\",\"item\":\"https:\/\/www.rotopacksrl.com\/fr\/\"},{\"@type\":\"ListItem\",\"position\":2,\"name\":\"Info Utiles\",\"item\":\"https:\/\/www.rotopacksrl.com\/fr\/info-utiles\/\"},{\"@type\":\"ListItem\",\"position\":3,\"name\":\"Les matieriaux de l\u2019 Eemballage MAP (emballage en atmosphere modifi\u00e9e)\"}]},{\"@type\":\"WebSite\",\"@id\":\"https:\/\/www.rotopacksrl.com\/fr\/#website\",\"url\":\"https:\/\/www.rotopacksrl.com\/fr\/\",\"name\":\"Rotopack - Packaging machines\",\"description\":\"Confezionatrici &amp; termo-sigillatrici\",\"publisher\":{\"@id\":\"https:\/\/www.rotopacksrl.com\/fr\/#organization\"},\"potentialAction\":[{\"@type\":\"SearchAction\",\"target\":{\"@type\":\"EntryPoint\",\"urlTemplate\":\"https:\/\/www.rotopacksrl.com\/fr\/?s={search_term_string}\"},\"query-input\":\"required name=search_term_string\"}],\"inLanguage\":\"fr-FR\"},{\"@type\":\"Organization\",\"@id\":\"https:\/\/www.rotopacksrl.com\/fr\/#organization\",\"name\":\"Rotopack srl\",\"url\":\"https:\/\/www.rotopacksrl.com\/fr\/\",\"logo\":{\"@type\":\"ImageObject\",\"inLanguage\":\"fr-FR\",\"@id\":\"https:\/\/www.rotopacksrl.com\/fr\/#\/schema\/logo\/image\/\",\"url\":\"https:\/\/www.rotopacksrl.com\/wp-content\/uploads\/2016\/02\/logo-rotopack.png\",\"contentUrl\":\"https:\/\/www.rotopacksrl.com\/wp-content\/uploads\/2016\/02\/logo-rotopack.png\",\"width\":300,\"height\":68,\"caption\":\"Rotopack srl\"},\"image\":{\"@id\":\"https:\/\/www.rotopacksrl.com\/fr\/#\/schema\/logo\/image\/\"},\"sameAs\":[\"https:\/\/www.facebook.com\/rotopackmilano\",\"https:\/\/twitter.com\/Rotopacksrl\",\"https:\/\/www.linkedin.com\/company\/rotopacksrl\/about\/\",\"https:\/\/www.youtube.com\/user\/RotoPacksrl\"]}]}<\/script>\n<!-- \/ Yoast SEO plugin. -->","yoast_head_json":{"title":"Les matieriaux de l\u2019 Eemballage MAP (emballage en atmosphere modifi\u00e9e) - Rotopack - Packaging machines","robots":{"index":"index","follow":"follow","max-snippet":"max-snippet:-1","max-image-preview":"max-image-preview:large","max-video-preview":"max-video-preview:-1"},"canonical":"https:\/\/www.rotopacksrl.com\/fr\/info-utiles\/limballaggio-in-atmosfera-modificata-map\/","og_locale":"fr_FR","og_type":"article","og_title":"Les matieriaux de l\u2019 Eemballage MAP (emballage en atmosphere modifi\u00e9e) - Rotopack - Packaging machines","og_description":"Un discours plus approfondi doit \u00eatre r\u00e9serv\u00e9 aux mati\u00e8res plastiques dans l\u2019emballage en atmosph\u00e8re modifi\u00e9e car les gaz de conservation traversent plus ou moins facilement quelques polym\u00e8res par rapport \u00e0 d\u2019autres. Evidemment pour rendre efficace la modification d\u2019atmosph\u00e8re dans l\u2019emballage et donc la plus grande...","og_url":"https:\/\/www.rotopacksrl.com\/fr\/info-utiles\/limballaggio-in-atmosfera-modificata-map\/","og_site_name":"Rotopack - Packaging machines","article_publisher":"https:\/\/www.facebook.com\/rotopackmilano","article_modified_time":"2016-06-10T11:30:29+00:00","twitter_card":"summary_large_image","twitter_site":"@Rotopacksrl","twitter_misc":{"Dur\u00e9e de lecture estim\u00e9e":"2 minutes"},"schema":{"@context":"https:\/\/schema.org","@graph":[{"@type":"WebPage","@id":"https:\/\/www.rotopacksrl.com\/fr\/info-utiles\/limballaggio-in-atmosfera-modificata-map\/","url":"https:\/\/www.rotopacksrl.com\/fr\/info-utiles\/limballaggio-in-atmosfera-modificata-map\/","name":"Les matieriaux de l\u2019 Eemballage MAP (emballage en atmosphere modifi\u00e9e) - Rotopack - Packaging machines","isPartOf":{"@id":"https:\/\/www.rotopacksrl.com\/fr\/#website"},"datePublished":"2016-03-30T14:06:59+00:00","dateModified":"2016-06-10T11:30:29+00:00","breadcrumb":{"@id":"https:\/\/www.rotopacksrl.com\/fr\/info-utiles\/limballaggio-in-atmosfera-modificata-map\/#breadcrumb"},"inLanguage":"fr-FR","potentialAction":[{"@type":"ReadAction","target":["https:\/\/www.rotopacksrl.com\/fr\/info-utiles\/limballaggio-in-atmosfera-modificata-map\/"]}]},{"@type":"BreadcrumbList","@id":"https:\/\/www.rotopacksrl.com\/fr\/info-utiles\/limballaggio-in-atmosfera-modificata-map\/#breadcrumb","itemListElement":[{"@type":"ListItem","position":1,"name":"Home","item":"https:\/\/www.rotopacksrl.com\/fr\/"},{"@type":"ListItem","position":2,"name":"Info Utiles","item":"https:\/\/www.rotopacksrl.com\/fr\/info-utiles\/"},{"@type":"ListItem","position":3,"name":"Les matieriaux de l\u2019 Eemballage MAP (emballage en atmosphere modifi\u00e9e)"}]},{"@type":"WebSite","@id":"https:\/\/www.rotopacksrl.com\/fr\/#website","url":"https:\/\/www.rotopacksrl.com\/fr\/","name":"Rotopack - Packaging machines","description":"Confezionatrici &amp; termo-sigillatrici","publisher":{"@id":"https:\/\/www.rotopacksrl.com\/fr\/#organization"},"potentialAction":[{"@type":"SearchAction","target":{"@type":"EntryPoint","urlTemplate":"https:\/\/www.rotopacksrl.com\/fr\/?s={search_term_string}"},"query-input":"required name=search_term_string"}],"inLanguage":"fr-FR"},{"@type":"Organization","@id":"https:\/\/www.rotopacksrl.com\/fr\/#organization","name":"Rotopack srl","url":"https:\/\/www.rotopacksrl.com\/fr\/","logo":{"@type":"ImageObject","inLanguage":"fr-FR","@id":"https:\/\/www.rotopacksrl.com\/fr\/#\/schema\/logo\/image\/","url":"https:\/\/www.rotopacksrl.com\/wp-content\/uploads\/2016\/02\/logo-rotopack.png","contentUrl":"https:\/\/www.rotopacksrl.com\/wp-content\/uploads\/2016\/02\/logo-rotopack.png","width":300,"height":68,"caption":"Rotopack srl"},"image":{"@id":"https:\/\/www.rotopacksrl.com\/fr\/#\/schema\/logo\/image\/"},"sameAs":["https:\/\/www.facebook.com\/rotopackmilano","https:\/\/twitter.com\/Rotopacksrl","https:\/\/www.linkedin.com\/company\/rotopacksrl\/about\/","https:\/\/www.youtube.com\/user\/RotoPacksrl"]}]}},"_links":{"self":[{"href":"https:\/\/www.rotopacksrl.com\/fr\/wp-json\/wp\/v2\/pages\/16035","targetHints":{"allow":["GET"]}}],"collection":[{"href":"https:\/\/www.rotopacksrl.com\/fr\/wp-json\/wp\/v2\/pages"}],"about":[{"href":"https:\/\/www.rotopacksrl.com\/fr\/wp-json\/wp\/v2\/types\/page"}],"author":[{"embeddable":true,"href":"https:\/\/www.rotopacksrl.com\/fr\/wp-json\/wp\/v2\/users\/2"}],"replies":[{"embeddable":true,"href":"https:\/\/www.rotopacksrl.com\/fr\/wp-json\/wp\/v2\/comments?post=16035"}],"version-history":[{"count":0,"href":"https:\/\/www.rotopacksrl.com\/fr\/wp-json\/wp\/v2\/pages\/16035\/revisions"}],"up":[{"embeddable":true,"href":"https:\/\/www.rotopacksrl.com\/fr\/wp-json\/wp\/v2\/pages\/16168"}],"wp:attachment":[{"href":"https:\/\/www.rotopacksrl.com\/fr\/wp-json\/wp\/v2\/media?parent=16035"}],"curies":[{"name":"wp","href":"https:\/\/api.w.org\/{rel}","templated":true}]}}