{"id":16172,"date":"2015-05-08T09:02:48","date_gmt":"2015-05-08T09:02:48","guid":{"rendered":"http:\/\/rotopack.wpengine.com\/fr\/contatti\/"},"modified":"2026-03-09T13:35:34","modified_gmt":"2026-03-09T12:35:34","slug":"contacts","status":"publish","type":"page","link":"https:\/\/www.rotopacksrl.com\/fr\/contacts\/","title":{"rendered":"Contacts"},"content":{"rendered":"<p>[vc_row css_animation=&#8221;&#8221; row_type=&#8221;row&#8221; use_row_as_full_screen_section=&#8221;no&#8221; type=&#8221;full_width&#8221; angled_section=&#8221;no&#8221; text_align=&#8221;left&#8221; background_image_as_pattern=&#8221;without_pattern&#8221;][vc_column][vc_raw_html]JTNDYSUyMG5hbWUlM0QlMjJtb2R1bG8lMjIlM0UlM0MlMkZhJTNF[\/vc_raw_html][vc_gmaps link=&#8221;#E-8_JTNDaWZyYW1lJTIwc3JjJTNEJTIyaHR0cHMlM0ElMkYlMkZ3d3cuZ29vZ2xlLmNvbSUyRm1hcHMlMkZlbWJlZCUzRnBiJTNEJTIxMW0xOCUyMTFtMTIlMjExbTMlMjExZDEyMzg1MjkuMDA5MTM0MDY4NCUyMTJkOC42OTk0NjQ3MDUyNzcxNzMlMjEzZDQ1LjUzNDIyMDY0Mzk0MTI1JTIxMm0zJTIxMWYwJTIxMmYwJTIxM2YwJTIxM20yJTIxMWkxMDI0JTIxMmk3NjglMjE0ZjEzLjElMjEzbTMlMjExbTIlMjExczB4NDc4NmJlNWIyNGIwYWRlYiUyNTNBMHhlMjIxYzkyYjYzMDlmMWNkJTIxMnNWaWElMkJDYXJib25hcmklMjUyQyUyQjE2JTI1MkMlMkIyMDAzNyUyQlBhZGVybm8lMkJEdWduYW5vJTJCTUklMjE1ZTAlMjEzbTIlMjExc2l0JTIxMnNpdCUyMTR2MTQ2OTgwNTA4ODQyNyUyMiUyMHdpZHRoJTNEJTIyNjAwJTIyJTIwaGVpZ2h0JTNEJTIyNDUwJTIyJTIwZnJhbWVib3JkZXIlM0QlMjIwJTIyJTIwc3R5bGUlM0QlMjJib3JkZXIlM0EwJTIyJTIwYWxsb3dmdWxsc2NyZWVuJTNFJTNDJTJGaWZyYW1lJTNF&#8221; size=&#8221;450&#8243;][\/vc_column][\/vc_row][vc_row css_animation=&#8221;element_from_fade&#8221; row_type=&#8221;row&#8221; use_row_as_full_screen_section=&#8221;no&#8221; type=&#8221;grid&#8221; angled_section=&#8221;no&#8221; text_align=&#8221;left&#8221; background_image_as_pattern=&#8221;without_pattern&#8221; background_color=&#8221;#f9f9f9&#8243; padding_top=&#8221;87&#8243; padding_bottom=&#8221;50&#8243; transition_delay=&#8221;400&#8243;][vc_column width=&#8221;1\/3&#8243;][vc_column_text]<img decoding=\"async\" style=\"width: 200px;\" src=\"\/wp-content\/uploads\/2016\/02\/logo-rotopack.png\" alt=\"\" \/><\/p>\n<p>Depuis 30 ans Machines Rotatives<br \/>\net Soudeuses de barquettes<\/p>\n<p>[vc_separator type=&#8217;transparent&#8217; color=&#8221; border_style=&#8221; thickness=&#8221; up=&#8217;35&#8217; down=&#8217;0&#8242;]<\/p>\n<p><a href=\"https:\/\/www.google.it\/maps\/place\/Via+Carbonari,+16,+20037+Paderno+Dugnano+MI\/@45.5864537,9.1636913,17z\/data=!3m1!4b1!4m2!3m1!1s0x4786be5b24b0adeb:0xe221c92b6309f1cd\">Via Carbonari, 16<\/a><br \/>\n<a href=\"https:\/\/www.google.it\/maps\/place\/Via+Carbonari,+16,+20037+Paderno+Dugnano+MI\/@45.5864537,9.1636913,17z\/data=!3m1!4b1!4m2!3m1!1s0x4786be5b24b0adeb:0xe221c92b6309f1cd\">20037 Paderno Dugnano MI<\/a><br \/>\n<i class=\"fa fa-phone\"><\/i> <a href=\"tel:0299044396\">+39 &#8211; 02 99 044 396<\/a><br \/>\n<i class=\"fa fa-envelope-o\"><\/i> <a href=\"mailto:info@rotopacksrl.com\">info@rotopacksrl.com<br \/>\n<i class=\"fa fa-whatsapp\"><\/i> <\/a>Contactez-nous sur Whatsapp<br \/>\n<i class=\"fa fa-telegram\"><\/i> <a href=\"t.me\/RotoPack\">Contactez-nous sur TELEGRAM<\/a><br \/>\nP. IVA\u00a002406400966[\/vc_column_text][vc_separator type=&#8221;transparent&#8221; up=&#8221;34&#8243; down=&#8221;0&#8243;]<span class='q_social_icon_holder square_social' data-color=#ffffff data-hover-background-color=#222222 data-hover-color=#ffffff><a itemprop='url' href='https:\/\/www.facebook.com\/rotopackmilano' target='_blank'><span class='fa-stack fa-lg' style='background-color: #0c15c5;'><i class=\"qode_icon_font_awesome fa fa-facebook \" style=\"color: #ffffff;\" ><\/i><\/span><\/a><\/span><span class='q_social_icon_holder square_social' data-color=#ffffff data-hover-background-color=#222222 data-hover-color=#ffffff><a itemprop='url' href='http:\/\/www.youtube.com\/user\/RotoPacksrl' target='_blank'><span class='fa-stack fa-lg' style='background-color: #0c15c5;'><i class=\"qode_icon_font_awesome fa fa-youtube \" style=\"color: #ffffff;\" ><\/i><\/span><\/a><\/span><span class='q_social_icon_holder square_social' data-color=#ffffff data-hover-background-color=#222222 data-hover-color=#ffffff><a itemprop='url' href='http:\/\/www.youtube.com\/user\/RotoPacksrl' target='_blank'><span class='fa-stack fa-lg' style='background-color: #0c15c5;'><i class=\"qode_icon_font_awesome fa fa-youtube \" style=\"color: #ffffff;\" ><\/i><\/span><\/a><\/span><span class='q_social_icon_holder square_social' data-color=#ffffff data-hover-background-color=#222222 data-hover-color=#ffffff><a itemprop='url' href='https:\/\/it.linkedin.com\/company\/rotopacksrl' target='_blank'><span class='fa-stack fa-lg' style='background-color: #0c15c5;'><i class=\"qode_icon_font_awesome fa fa-linkedin \" style=\"color: #ffffff;\" ><\/i><\/span><\/a><\/span><span class='q_social_icon_holder square_social' data-color=#ffffff data-hover-background-color=#222222 data-hover-color=#ffffff><a itemprop='url' href='https:\/\/www.instagram.com\/rotopack_milano\/' target='_blank'><span class='fa-stack fa-lg' style='background-color: #0c15c5;'><i class=\"qode_icon_font_awesome fa fa-instagram \" style=\"color: #ffffff;\" ><\/i><\/span><\/a><\/span>[\/vc_column][vc_column width=&#8221;2\/3&#8243;]\n<div class=\"wpcf7 no-js\" id=\"wpcf7-f16408-o1\" lang=\"it-IT\" dir=\"ltr\">\n<div class=\"screen-reader-response\"><p role=\"status\" aria-live=\"polite\" aria-atomic=\"true\"><\/p> <ul><\/ul><\/div>\n<form action=\"\/fr\/wp-json\/wp\/v2\/pages\/16172#wpcf7-f16408-o1\" method=\"post\" class=\"wpcf7-form init cf7_custom_style_1\" aria-label=\"Modulo di contatto\" novalidate=\"novalidate\" data-status=\"init\">\n<div style=\"display: none;\">\n<input type=\"hidden\" name=\"_wpcf7\" value=\"16408\" \/>\n<input type=\"hidden\" name=\"_wpcf7_version\" value=\"5.9.8\" \/>\n<input type=\"hidden\" name=\"_wpcf7_locale\" value=\"it_IT\" \/>\n<input type=\"hidden\" name=\"_wpcf7_unit_tag\" value=\"wpcf7-f16408-o1\" \/>\n<input type=\"hidden\" name=\"_wpcf7_container_post\" value=\"0\" \/>\n<input type=\"hidden\" name=\"_wpcf7_posted_data_hash\" value=\"\" \/>\n<input type=\"hidden\" name=\"_wpcf7_recaptcha_response\" value=\"\" \/>\n<\/div>\n<p>Nom et pr\u00e9nom (Requis)\n<\/p>\n<p><span class=\"wpcf7-form-control-wrap\" data-name=\"your-name\"><input size=\"40\" maxlength=\"400\" class=\"wpcf7-form-control wpcf7-text wpcf7-validates-as-required\" aria-required=\"true\" aria-invalid=\"false\" value=\"\" type=\"text\" name=\"your-name\" \/><\/span>\n<\/p>\n<p>Email (Requis)\n<\/p>\n<p><span class=\"wpcf7-form-control-wrap\" data-name=\"your-email\"><input size=\"40\" maxlength=\"400\" class=\"wpcf7-form-control wpcf7-email wpcf7-validates-as-required wpcf7-text wpcf7-validates-as-email\" aria-required=\"true\" aria-invalid=\"false\" value=\"\" type=\"email\" name=\"your-email\" \/><\/span>\n<\/p>\n<p>Soci\u00e9t\u00e9 (Requis)\n<\/p>\n<p><span class=\"wpcf7-form-control-wrap\" data-name=\"azienda\"><input size=\"40\" maxlength=\"400\" class=\"wpcf7-form-control wpcf7-text wpcf7-validates-as-required\" aria-required=\"true\" aria-invalid=\"false\" value=\"\" type=\"text\" name=\"azienda\" \/><\/span>\n<\/p>\n<p><span id=\"wpcf7-69f84dae446ed-wrapper\" class=\"wpcf7-form-control-wrap barbatrucco-wrap\" style=\"display:none !important; visibility:hidden !important;\"><label for=\"wpcf7-69f84dae446ed-field\" class=\"hp-message\">Si prega di lasciare vuoto questo campo.<\/label><input id=\"wpcf7-69f84dae446ed-field\"  class=\"wpcf7-form-control wpcf7-text\" type=\"text\" name=\"barbatrucco\" value=\"\" size=\"40\" tabindex=\"-1\" autocomplete=\"new-password\" \/><\/span>\n<\/p>\n<p>Pays (Requis)\n<\/p>\n<p><span class=\"wpcf7-form-control-wrap\" data-name=\"nazione\"><input size=\"40\" maxlength=\"400\" class=\"wpcf7-form-control wpcf7-text wpcf7-validates-as-required\" aria-required=\"true\" aria-invalid=\"false\" value=\"\" type=\"text\" name=\"nazione\" \/><\/span>\n<\/p>\n<p>Demande d'information:\n<\/p>\n<p><span class=\"wpcf7-form-control-wrap\" data-name=\"your-recipient\"><select class=\"wpcf7-form-control wpcf7-select\" aria-invalid=\"false\" name=\"your-recipient\"><option value=\"Bureau Commercial\">Bureau Commercial<\/option><option value=\"Bureau d&#039;Achat\">Bureau d&#039;Achat<\/option><option value=\"Autre\">Autre<\/option><\/select><\/span>\n<\/p>\n<p>Message\n<\/p>\n<p><span class=\"wpcf7-form-control-wrap\" data-name=\"your-message\"><textarea cols=\"40\" rows=\"10\" maxlength=\"2000\" class=\"wpcf7-form-control wpcf7-textarea\" aria-invalid=\"false\" name=\"your-message\"><\/textarea><\/span>\n<\/p>\n<p style=\"font-size: smaller;\"><span class=\"wpcf7-form-control-wrap\" data-name=\"trattamento-dati\"><span class=\"wpcf7-form-control wpcf7-acceptance\"><span class=\"wpcf7-list-item\"><input type=\"checkbox\" name=\"trattamento-dati\" value=\"1\" aria-invalid=\"false\" \/><\/span><\/span><\/span> J'autorise l'utilisation de mes donn\u00e9es personnelles par la soci\u00e9t\u00e9 en vertu du GDPR UE 2016\/679.<br \/>\n<a href=\"https:\/\/www.iubenda.com\/privacy-policy\/50389988\" class=\"iubenda-white no-brand iubenda-noiframe iubenda-embed iubenda-noiframe \" title=\"Politique de confidentialit\u00e9 \" style=\"outline: 0px; border: 0px; text-decoration: none; display: inline-block; background: none; width: 116px; height: 25px;\">Politique de confidentialit\u00e9<\/a>\n<\/p>\n<p><input class=\"wpcf7-form-control wpcf7-submit has-spinner\" type=\"submit\" value=\"Soumettre\" \/>\n<\/p><div class=\"wpcf7-response-output\" aria-hidden=\"true\"><\/div>\n<\/form>\n<\/div>\n[\/vc_column][\/vc_row][vc_row row_type=&#8221;parallax&#8221; parallax_content_width=&#8221;full_width&#8221; text_align=&#8221;left&#8221; full_screen_section_height=&#8221;no&#8221; background_image=&#8221;15639&#8243; section_height=&#8221;400&#8243; css=&#8221;.vc_custom_1457538208123{background-image: url(http:\/\/rotopack.wpengine.com\/wp-content\/uploads\/2015\/05\/contatti-rotopack.jpg?id=15639) !important;}&#8221;][vc_column][\/vc_column][\/vc_row]<\/p>\n","protected":false},"excerpt":{"rendered":"<p>[vc_row css_animation=&#8221;&#8221; row_type=&#8221;row&#8221; use_row_as_full_screen_section=&#8221;no&#8221; type=&#8221;full_width&#8221; angled_section=&#8221;no&#8221; text_align=&#8221;left&#8221; background_image_as_pattern=&#8221;without_pattern&#8221;][vc_column][vc_raw_html]JTNDYSUyMG5hbWUlM0QlMjJtb2R1bG8lMjIlM0UlM0MlMkZhJTNF[\/vc_raw_html][vc_gmaps link=&#8221;#E-8_JTNDaWZyYW1lJTIwc3JjJTNEJTIyaHR0cHMlM0ElMkYlMkZ3d3cuZ29vZ2xlLmNvbSUyRm1hcHMlMkZlbWJlZCUzRnBiJTNEJTIxMW0xOCUyMTFtMTIlMjExbTMlMjExZDEyMzg1MjkuMDA5MTM0MDY4NCUyMTJkOC42OTk0NjQ3MDUyNzcxNzMlMjEzZDQ1LjUzNDIyMDY0Mzk0MTI1JTIxMm0zJTIxMWYwJTIxMmYwJTIxM2YwJTIxM20yJTIxMWkxMDI0JTIxMmk3NjglMjE0ZjEzLjElMjEzbTMlMjExbTIlMjExczB4NDc4NmJlNWIyNGIwYWRlYiUyNTNBMHhlMjIxYzkyYjYzMDlmMWNkJTIxMnNWaWElMkJDYXJib25hcmklMjUyQyUyQjE2JTI1MkMlMkIyMDAzNyUyQlBhZGVybm8lMkJEdWduYW5vJTJCTUklMjE1ZTAlMjEzbTIlMjExc2l0JTIxMnNpdCUyMTR2MTQ2OTgwNTA4ODQyNyUyMiUyMHdpZHRoJTNEJTIyNjAwJTIyJTIwaGVpZ2h0JTNEJTIyNDUwJTIyJTIwZnJhbWVib3JkZXIlM0QlMjIwJTIyJTIwc3R5bGUlM0QlMjJib3JkZXIlM0EwJTIyJTIwYWxsb3dmdWxsc2NyZWVuJTNFJTNDJTJGaWZyYW1lJTNF&#8221; size=&#8221;450&#8243;][\/vc_column][\/vc_row][vc_row css_animation=&#8221;element_from_fade&#8221; row_type=&#8221;row&#8221; use_row_as_full_screen_section=&#8221;no&#8221; type=&#8221;grid&#8221; angled_section=&#8221;no&#8221; text_align=&#8221;left&#8221; background_image_as_pattern=&#8221;without_pattern&#8221; background_color=&#8221;#f9f9f9&#8243; padding_top=&#8221;87&#8243; padding_bottom=&#8221;50&#8243; transition_delay=&#8221;400&#8243;][vc_column width=&#8221;1\/3&#8243;][vc_column_text] Depuis 30 ans Machines Rotatives et Soudeuses de barquettes [vc_separator type=&#8217;transparent&#8217; color=&#8221; border_style=&#8221; thickness=&#8221; up=&#8217;35&#8217; down=&#8217;0&#8242;] Via Carbonari, 16 20037 Paderno Dugnano MI&#8230;<\/p>\n","protected":false},"author":2,"featured_media":0,"parent":0,"menu_order":0,"comment_status":"closed","ping_status":"open","template":"full_width.php","meta":{"footnotes":""},"class_list":["post-16172","page","type-page","status-publish","hentry"],"yoast_head":"<!-- This site is optimized with the Yoast SEO plugin v21.8 - https:\/\/yoast.com\/wordpress\/plugins\/seo\/ -->\n<title>Contacts - Rotopack - Packaging machines<\/title>\n<meta name=\"robots\" content=\"index, follow, max-snippet:-1, max-image-preview:large, max-video-preview:-1\" \/>\n<link rel=\"canonical\" href=\"https:\/\/www.rotopacksrl.com\/fr\/contacts\/\" \/>\n<meta property=\"og:locale\" content=\"fr_FR\" \/>\n<meta property=\"og:type\" content=\"article\" \/>\n<meta property=\"og:title\" content=\"Contacts - Rotopack - Packaging machines\" \/>\n<meta property=\"og:description\" content=\"[vc_row css_animation=&#8221;&#8221; row_type=&#8221;row&#8221; use_row_as_full_screen_section=&#8221;no&#8221; type=&#8221;full_width&#8221; angled_section=&#8221;no&#8221; text_align=&#8221;left&#8221; background_image_as_pattern=&#8221;without_pattern&#8221;][vc_column][vc_raw_html]JTNDYSUyMG5hbWUlM0QlMjJtb2R1bG8lMjIlM0UlM0MlMkZhJTNF[\/vc_raw_html][vc_gmaps link=&#8221;#E-8_JTNDaWZyYW1lJTIwc3JjJTNEJTIyaHR0cHMlM0ElMkYlMkZ3d3cuZ29vZ2xlLmNvbSUyRm1hcHMlMkZlbWJlZCUzRnBiJTNEJTIxMW0xOCUyMTFtMTIlMjExbTMlMjExZDEyMzg1MjkuMDA5MTM0MDY4NCUyMTJkOC42OTk0NjQ3MDUyNzcxNzMlMjEzZDQ1LjUzNDIyMDY0Mzk0MTI1JTIxMm0zJTIxMWYwJTIxMmYwJTIxM2YwJTIxM20yJTIxMWkxMDI0JTIxMmk3NjglMjE0ZjEzLjElMjEzbTMlMjExbTIlMjExczB4NDc4NmJlNWIyNGIwYWRlYiUyNTNBMHhlMjIxYzkyYjYzMDlmMWNkJTIxMnNWaWElMkJDYXJib25hcmklMjUyQyUyQjE2JTI1MkMlMkIyMDAzNyUyQlBhZGVybm8lMkJEdWduYW5vJTJCTUklMjE1ZTAlMjEzbTIlMjExc2l0JTIxMnNpdCUyMTR2MTQ2OTgwNTA4ODQyNyUyMiUyMHdpZHRoJTNEJTIyNjAwJTIyJTIwaGVpZ2h0JTNEJTIyNDUwJTIyJTIwZnJhbWVib3JkZXIlM0QlMjIwJTIyJTIwc3R5bGUlM0QlMjJib3JkZXIlM0EwJTIyJTIwYWxsb3dmdWxsc2NyZWVuJTNFJTNDJTJGaWZyYW1lJTNF&#8221; size=&#8221;450&#8243;][\/vc_column][\/vc_row][vc_row css_animation=&#8221;element_from_fade&#8221; row_type=&#8221;row&#8221; use_row_as_full_screen_section=&#8221;no&#8221; type=&#8221;grid&#8221; angled_section=&#8221;no&#8221; text_align=&#8221;left&#8221; background_image_as_pattern=&#8221;without_pattern&#8221; background_color=&#8221;#f9f9f9&#8243; padding_top=&#8221;87&#8243; padding_bottom=&#8221;50&#8243; transition_delay=&#8221;400&#8243;][vc_column width=&#8221;1\/3&#8243;][vc_column_text] Depuis 30 ans Machines Rotatives et Soudeuses de barquettes [vc_separator type=&#8217;transparent&#8217; color=&#8221; border_style=&#8221; thickness=&#8221; up=&#8217;35&#8217; down=&#8217;0&#8242;] Via Carbonari, 16 20037 Paderno Dugnano MI...\" \/>\n<meta property=\"og:url\" content=\"https:\/\/www.rotopacksrl.com\/fr\/contacts\/\" \/>\n<meta property=\"og:site_name\" content=\"Rotopack - Packaging machines\" \/>\n<meta property=\"article:publisher\" content=\"https:\/\/www.facebook.com\/rotopackmilano\" \/>\n<meta property=\"article:modified_time\" content=\"2026-03-09T12:35:34+00:00\" \/>\n<meta name=\"twitter:card\" content=\"summary_large_image\" \/>\n<meta name=\"twitter:site\" content=\"@Rotopacksrl\" \/>\n<meta name=\"twitter:label1\" content=\"Dur\u00e9e de lecture estim\u00e9e\" \/>\n\t<meta name=\"twitter:data1\" content=\"1 minute\" \/>\n<script type=\"application\/ld+json\" class=\"yoast-schema-graph\">{\"@context\":\"https:\/\/schema.org\",\"@graph\":[{\"@type\":\"WebPage\",\"@id\":\"https:\/\/www.rotopacksrl.com\/fr\/contacts\/\",\"url\":\"https:\/\/www.rotopacksrl.com\/fr\/contacts\/\",\"name\":\"Contacts - Rotopack - Packaging machines\",\"isPartOf\":{\"@id\":\"https:\/\/www.rotopacksrl.com\/fr\/#website\"},\"datePublished\":\"2015-05-08T09:02:48+00:00\",\"dateModified\":\"2026-03-09T12:35:34+00:00\",\"breadcrumb\":{\"@id\":\"https:\/\/www.rotopacksrl.com\/fr\/contacts\/#breadcrumb\"},\"inLanguage\":\"fr-FR\",\"potentialAction\":[{\"@type\":\"ReadAction\",\"target\":[\"https:\/\/www.rotopacksrl.com\/fr\/contacts\/\"]}]},{\"@type\":\"BreadcrumbList\",\"@id\":\"https:\/\/www.rotopacksrl.com\/fr\/contacts\/#breadcrumb\",\"itemListElement\":[{\"@type\":\"ListItem\",\"position\":1,\"name\":\"Home\",\"item\":\"https:\/\/www.rotopacksrl.com\/fr\/\"},{\"@type\":\"ListItem\",\"position\":2,\"name\":\"Contacts\"}]},{\"@type\":\"WebSite\",\"@id\":\"https:\/\/www.rotopacksrl.com\/fr\/#website\",\"url\":\"https:\/\/www.rotopacksrl.com\/fr\/\",\"name\":\"Rotopack - Packaging machines\",\"description\":\"Confezionatrici &amp; termo-sigillatrici\",\"publisher\":{\"@id\":\"https:\/\/www.rotopacksrl.com\/fr\/#organization\"},\"potentialAction\":[{\"@type\":\"SearchAction\",\"target\":{\"@type\":\"EntryPoint\",\"urlTemplate\":\"https:\/\/www.rotopacksrl.com\/fr\/?s={search_term_string}\"},\"query-input\":\"required name=search_term_string\"}],\"inLanguage\":\"fr-FR\"},{\"@type\":\"Organization\",\"@id\":\"https:\/\/www.rotopacksrl.com\/fr\/#organization\",\"name\":\"Rotopack srl\",\"url\":\"https:\/\/www.rotopacksrl.com\/fr\/\",\"logo\":{\"@type\":\"ImageObject\",\"inLanguage\":\"fr-FR\",\"@id\":\"https:\/\/www.rotopacksrl.com\/fr\/#\/schema\/logo\/image\/\",\"url\":\"https:\/\/www.rotopacksrl.com\/wp-content\/uploads\/2016\/02\/logo-rotopack.png\",\"contentUrl\":\"https:\/\/www.rotopacksrl.com\/wp-content\/uploads\/2016\/02\/logo-rotopack.png\",\"width\":300,\"height\":68,\"caption\":\"Rotopack srl\"},\"image\":{\"@id\":\"https:\/\/www.rotopacksrl.com\/fr\/#\/schema\/logo\/image\/\"},\"sameAs\":[\"https:\/\/www.facebook.com\/rotopackmilano\",\"https:\/\/twitter.com\/Rotopacksrl\",\"https:\/\/www.linkedin.com\/company\/rotopacksrl\/about\/\",\"https:\/\/www.youtube.com\/user\/RotoPacksrl\"]}]}<\/script>\n<!-- \/ Yoast SEO plugin. -->","yoast_head_json":{"title":"Contacts - Rotopack - Packaging machines","robots":{"index":"index","follow":"follow","max-snippet":"max-snippet:-1","max-image-preview":"max-image-preview:large","max-video-preview":"max-video-preview:-1"},"canonical":"https:\/\/www.rotopacksrl.com\/fr\/contacts\/","og_locale":"fr_FR","og_type":"article","og_title":"Contacts - Rotopack - Packaging machines","og_description":"[vc_row css_animation=&#8221;&#8221; row_type=&#8221;row&#8221; use_row_as_full_screen_section=&#8221;no&#8221; type=&#8221;full_width&#8221; angled_section=&#8221;no&#8221; text_align=&#8221;left&#8221; background_image_as_pattern=&#8221;without_pattern&#8221;][vc_column][vc_raw_html]JTNDYSUyMG5hbWUlM0QlMjJtb2R1bG8lMjIlM0UlM0MlMkZhJTNF[\/vc_raw_html][vc_gmaps link=&#8221;#E-8_JTNDaWZyYW1lJTIwc3JjJTNEJTIyaHR0cHMlM0ElMkYlMkZ3d3cuZ29vZ2xlLmNvbSUyRm1hcHMlMkZlbWJlZCUzRnBiJTNEJTIxMW0xOCUyMTFtMTIlMjExbTMlMjExZDEyMzg1MjkuMDA5MTM0MDY4NCUyMTJkOC42OTk0NjQ3MDUyNzcxNzMlMjEzZDQ1LjUzNDIyMDY0Mzk0MTI1JTIxMm0zJTIxMWYwJTIxMmYwJTIxM2YwJTIxM20yJTIxMWkxMDI0JTIxMmk3NjglMjE0ZjEzLjElMjEzbTMlMjExbTIlMjExczB4NDc4NmJlNWIyNGIwYWRlYiUyNTNBMHhlMjIxYzkyYjYzMDlmMWNkJTIxMnNWaWElMkJDYXJib25hcmklMjUyQyUyQjE2JTI1MkMlMkIyMDAzNyUyQlBhZGVybm8lMkJEdWduYW5vJTJCTUklMjE1ZTAlMjEzbTIlMjExc2l0JTIxMnNpdCUyMTR2MTQ2OTgwNTA4ODQyNyUyMiUyMHdpZHRoJTNEJTIyNjAwJTIyJTIwaGVpZ2h0JTNEJTIyNDUwJTIyJTIwZnJhbWVib3JkZXIlM0QlMjIwJTIyJTIwc3R5bGUlM0QlMjJib3JkZXIlM0EwJTIyJTIwYWxsb3dmdWxsc2NyZWVuJTNFJTNDJTJGaWZyYW1lJTNF&#8221; size=&#8221;450&#8243;][\/vc_column][\/vc_row][vc_row css_animation=&#8221;element_from_fade&#8221; row_type=&#8221;row&#8221; use_row_as_full_screen_section=&#8221;no&#8221; type=&#8221;grid&#8221; angled_section=&#8221;no&#8221; text_align=&#8221;left&#8221; background_image_as_pattern=&#8221;without_pattern&#8221; background_color=&#8221;#f9f9f9&#8243; padding_top=&#8221;87&#8243; padding_bottom=&#8221;50&#8243; transition_delay=&#8221;400&#8243;][vc_column width=&#8221;1\/3&#8243;][vc_column_text] Depuis 30 ans Machines Rotatives et Soudeuses de barquettes [vc_separator type=&#8217;transparent&#8217; color=&#8221; border_style=&#8221; thickness=&#8221; up=&#8217;35&#8217; down=&#8217;0&#8242;] Via Carbonari, 16 20037 Paderno Dugnano MI...","og_url":"https:\/\/www.rotopacksrl.com\/fr\/contacts\/","og_site_name":"Rotopack - Packaging machines","article_publisher":"https:\/\/www.facebook.com\/rotopackmilano","article_modified_time":"2026-03-09T12:35:34+00:00","twitter_card":"summary_large_image","twitter_site":"@Rotopacksrl","twitter_misc":{"Dur\u00e9e de lecture estim\u00e9e":"1 minute"},"schema":{"@context":"https:\/\/schema.org","@graph":[{"@type":"WebPage","@id":"https:\/\/www.rotopacksrl.com\/fr\/contacts\/","url":"https:\/\/www.rotopacksrl.com\/fr\/contacts\/","name":"Contacts - Rotopack - Packaging machines","isPartOf":{"@id":"https:\/\/www.rotopacksrl.com\/fr\/#website"},"datePublished":"2015-05-08T09:02:48+00:00","dateModified":"2026-03-09T12:35:34+00:00","breadcrumb":{"@id":"https:\/\/www.rotopacksrl.com\/fr\/contacts\/#breadcrumb"},"inLanguage":"fr-FR","potentialAction":[{"@type":"ReadAction","target":["https:\/\/www.rotopacksrl.com\/fr\/contacts\/"]}]},{"@type":"BreadcrumbList","@id":"https:\/\/www.rotopacksrl.com\/fr\/contacts\/#breadcrumb","itemListElement":[{"@type":"ListItem","position":1,"name":"Home","item":"https:\/\/www.rotopacksrl.com\/fr\/"},{"@type":"ListItem","position":2,"name":"Contacts"}]},{"@type":"WebSite","@id":"https:\/\/www.rotopacksrl.com\/fr\/#website","url":"https:\/\/www.rotopacksrl.com\/fr\/","name":"Rotopack - Packaging machines","description":"Confezionatrici &amp; termo-sigillatrici","publisher":{"@id":"https:\/\/www.rotopacksrl.com\/fr\/#organization"},"potentialAction":[{"@type":"SearchAction","target":{"@type":"EntryPoint","urlTemplate":"https:\/\/www.rotopacksrl.com\/fr\/?s={search_term_string}"},"query-input":"required name=search_term_string"}],"inLanguage":"fr-FR"},{"@type":"Organization","@id":"https:\/\/www.rotopacksrl.com\/fr\/#organization","name":"Rotopack srl","url":"https:\/\/www.rotopacksrl.com\/fr\/","logo":{"@type":"ImageObject","inLanguage":"fr-FR","@id":"https:\/\/www.rotopacksrl.com\/fr\/#\/schema\/logo\/image\/","url":"https:\/\/www.rotopacksrl.com\/wp-content\/uploads\/2016\/02\/logo-rotopack.png","contentUrl":"https:\/\/www.rotopacksrl.com\/wp-content\/uploads\/2016\/02\/logo-rotopack.png","width":300,"height":68,"caption":"Rotopack srl"},"image":{"@id":"https:\/\/www.rotopacksrl.com\/fr\/#\/schema\/logo\/image\/"},"sameAs":["https:\/\/www.facebook.com\/rotopackmilano","https:\/\/twitter.com\/Rotopacksrl","https:\/\/www.linkedin.com\/company\/rotopacksrl\/about\/","https:\/\/www.youtube.com\/user\/RotoPacksrl"]}]}},"_links":{"self":[{"href":"https:\/\/www.rotopacksrl.com\/fr\/wp-json\/wp\/v2\/pages\/16172","targetHints":{"allow":["GET"]}}],"collection":[{"href":"https:\/\/www.rotopacksrl.com\/fr\/wp-json\/wp\/v2\/pages"}],"about":[{"href":"https:\/\/www.rotopacksrl.com\/fr\/wp-json\/wp\/v2\/types\/page"}],"author":[{"embeddable":true,"href":"https:\/\/www.rotopacksrl.com\/fr\/wp-json\/wp\/v2\/users\/2"}],"replies":[{"embeddable":true,"href":"https:\/\/www.rotopacksrl.com\/fr\/wp-json\/wp\/v2\/comments?post=16172"}],"version-history":[{"count":0,"href":"https:\/\/www.rotopacksrl.com\/fr\/wp-json\/wp\/v2\/pages\/16172\/revisions"}],"wp:attachment":[{"href":"https:\/\/www.rotopacksrl.com\/fr\/wp-json\/wp\/v2\/media?parent=16172"}],"curies":[{"name":"wp","href":"https:\/\/api.w.org\/{rel}","templated":true}]}}