{"id":16174,"date":"2016-04-15T16:29:42","date_gmt":"2016-04-15T14:29:42","guid":{"rendered":"http:\/\/rotopack.wpengine.com\/fr\/quality\/"},"modified":"2016-06-24T11:31:18","modified_gmt":"2016-06-24T09:31:18","slug":"quality","status":"publish","type":"page","link":"https:\/\/www.rotopacksrl.com\/fr\/qui-nous-sommes\/quality\/","title":{"rendered":"Qualit\u00e9"},"content":{"rendered":"<p>[vc_row row_type=&#8221;row&#8221; use_row_as_full_screen_section=&#8221;no&#8221; type=&#8221;grid&#8221; angled_section=&#8221;no&#8221; text_align=&#8221;left&#8221; background_image_as_pattern=&#8221;without_pattern&#8221; padding_top=&#8221;85&#8243; padding_bottom=&#8221;47&#8243; css_animation=&#8221;&#8221;][vc_column width=&#8221;1\/2&#8243;][vc_column_text]<\/p>\n<h3>Machines con\u00e7ues et constuites dans notre usine<\/h3>\n<p>[\/vc_column_text][vc_separator type=&#8221;transparent&#8221; up=&#8221;29&#8243; down=&#8221;0&#8243;][vc_column_text]<\/p>\n<p align=\"justify\">La vaste gamme couverte par nos machines de conditionnement permet \u00e0 de nombreux clients d\u2019avoir un seul r\u00e9f\u00e9rent pour des machines compl\u00e8tement diff\u00e9rentes, un prix avantageux car les machines sont produits para nous, pi\u00e8ces de rechange toujours disponibles, <strong>flexibilit\u00e9 dans les solutions offerts<\/strong> et <strong>temps de r\u00e9ponse rapides<\/strong> \u00e0 la fois pour les livraisons des machines de conditionnement et pour des interventions d\u2019entretien sur les machines de conditionnement.<br \/>\nLa philosophie Rotopack est la construction de machines pour emballage qui sont simples \u00e0 utiliser et fiables et au juste prix.<br \/>\nNotre entreprise artisanale s\u2019adresse \u00e0 tous les clients qui comme nous ont quotidiennement des n\u00e9cessit\u00e9s diff\u00e9rentes pour s\u2019adapter aux exigences du march\u00e9 du conditionnement avec flexibilit\u00e9 et disponibilit\u00e9.<\/p>\n<p>[\/vc_column_text][vc_separator type=&#8221;transparent&#8221; up=&#8221;37&#8243; down=&#8221;0&#8243;][\/vc_column][vc_column width=&#8221;1\/2&#8243;][vc_single_image image=&#8221;15674&#8243; img_size=&#8221;full&#8221; alignment=&#8221;center&#8221; qode_css_animation=&#8221;&#8221;][\/vc_column][\/vc_row][vc_row row_type=&#8221;row&#8221; use_row_as_full_screen_section=&#8221;no&#8221; type=&#8221;full_width&#8221; angled_section=&#8221;no&#8221; text_align=&#8221;left&#8221; background_image_as_pattern=&#8221;without_pattern&#8221; background_color=&#8221;#f9f9f9&#8243; padding_bottom=&#8221;0&#8243; css_animation=&#8221;&#8221;][vc_column][qode_elements_holder background_color=&#8221;#f9f9f9&#8243; number_of_columns=&#8221;four_columns&#8221;][qode_elements_holder_item advanced_animations=&#8221;no&#8221;][vc_single_image image=&#8221;15635&#8243; img_size=&#8221;full&#8221; onclick=&#8221;link_image&#8221; qode_css_animation=&#8221;element_from_fade&#8221; transition_delay=&#8221;0.2&#8243; el_class=&#8221;hover-bianco&#8221;][\/qode_elements_holder_item][qode_elements_holder_item advanced_animations=&#8221;no&#8221;][vc_single_image image=&#8221;15633&#8243; img_size=&#8221;full&#8221; onclick=&#8221;link_image&#8221; qode_css_animation=&#8221;element_from_fade&#8221; transition_delay=&#8221;0.4&#8243; el_class=&#8221;hover-bianco&#8221;][\/qode_elements_holder_item][qode_elements_holder_item advanced_animations=&#8221;no&#8221;][vc_single_image image=&#8221;15634&#8243; img_size=&#8221;full&#8221; onclick=&#8221;link_image&#8221; qode_css_animation=&#8221;element_from_fade&#8221; transition_delay=&#8221;0.6&#8243; el_class=&#8221;hover-bianco&#8221;][\/qode_elements_holder_item][qode_elements_holder_item advanced_animations=&#8221;no&#8221;][vc_single_image image=&#8221;15632&#8243; img_size=&#8221;full&#8221; onclick=&#8221;link_image&#8221; qode_css_animation=&#8221;element_from_fade&#8221; transition_delay=&#8221;0.8&#8243; el_class=&#8221;hover-bianco&#8221;][\/qode_elements_holder_item][\/qode_elements_holder][\/vc_column][\/vc_row]<\/p>\n","protected":false},"excerpt":{"rendered":"<p>[vc_row row_type=&#8221;row&#8221; use_row_as_full_screen_section=&#8221;no&#8221; type=&#8221;grid&#8221; angled_section=&#8221;no&#8221; text_align=&#8221;left&#8221; background_image_as_pattern=&#8221;without_pattern&#8221; padding_top=&#8221;85&#8243; padding_bottom=&#8221;47&#8243; css_animation=&#8221;&#8221;][vc_column width=&#8221;1\/2&#8243;][vc_column_text] Machines con\u00e7ues et constuites dans notre usine [\/vc_column_text][vc_separator type=&#8221;transparent&#8221; up=&#8221;29&#8243; down=&#8221;0&#8243;][vc_column_text] La vaste gamme couverte par nos machines de conditionnement permet \u00e0 de nombreux clients d\u2019avoir un seul r\u00e9f\u00e9rent pour des machines compl\u00e8tement diff\u00e9rentes,&#8230;<\/p>\n","protected":false},"author":2,"featured_media":0,"parent":16183,"menu_order":0,"comment_status":"closed","ping_status":"closed","template":"full_width.php","meta":{"footnotes":""},"class_list":["post-16174","page","type-page","status-publish","hentry"],"yoast_head":"<!-- This site is optimized with the Yoast SEO plugin v21.8 - https:\/\/yoast.com\/wordpress\/plugins\/seo\/ -->\n<title>Qualit\u00e9 - Rotopack - Packaging machines<\/title>\n<meta name=\"robots\" content=\"index, follow, max-snippet:-1, max-image-preview:large, max-video-preview:-1\" \/>\n<link rel=\"canonical\" href=\"https:\/\/www.rotopacksrl.com\/fr\/qui-nous-sommes\/quality\/\" \/>\n<meta property=\"og:locale\" content=\"fr_FR\" \/>\n<meta property=\"og:type\" content=\"article\" \/>\n<meta property=\"og:title\" content=\"Qualit\u00e9 - Rotopack - Packaging machines\" \/>\n<meta property=\"og:description\" content=\"[vc_row row_type=&#8221;row&#8221; use_row_as_full_screen_section=&#8221;no&#8221; type=&#8221;grid&#8221; angled_section=&#8221;no&#8221; text_align=&#8221;left&#8221; background_image_as_pattern=&#8221;without_pattern&#8221; padding_top=&#8221;85&#8243; padding_bottom=&#8221;47&#8243; css_animation=&#8221;&#8221;][vc_column width=&#8221;1\/2&#8243;][vc_column_text] Machines con\u00e7ues et constuites dans notre usine [\/vc_column_text][vc_separator type=&#8221;transparent&#8221; up=&#8221;29&#8243; down=&#8221;0&#8243;][vc_column_text] La vaste gamme couverte par nos machines de conditionnement permet \u00e0 de nombreux clients d\u2019avoir un seul r\u00e9f\u00e9rent pour des machines compl\u00e8tement diff\u00e9rentes,...\" \/>\n<meta property=\"og:url\" content=\"https:\/\/www.rotopacksrl.com\/fr\/qui-nous-sommes\/quality\/\" \/>\n<meta property=\"og:site_name\" content=\"Rotopack - Packaging machines\" \/>\n<meta property=\"article:publisher\" content=\"https:\/\/www.facebook.com\/rotopackmilano\" \/>\n<meta property=\"article:modified_time\" content=\"2016-06-24T09:31:18+00:00\" \/>\n<meta name=\"twitter:card\" content=\"summary_large_image\" \/>\n<meta name=\"twitter:site\" content=\"@Rotopacksrl\" \/>\n<meta name=\"twitter:label1\" content=\"Dur\u00e9e de lecture estim\u00e9e\" \/>\n\t<meta name=\"twitter:data1\" content=\"2 minutes\" \/>\n<script type=\"application\/ld+json\" class=\"yoast-schema-graph\">{\"@context\":\"https:\/\/schema.org\",\"@graph\":[{\"@type\":\"WebPage\",\"@id\":\"https:\/\/www.rotopacksrl.com\/fr\/qui-nous-sommes\/quality\/\",\"url\":\"https:\/\/www.rotopacksrl.com\/fr\/qui-nous-sommes\/quality\/\",\"name\":\"Qualit\u00e9 - Rotopack - Packaging machines\",\"isPartOf\":{\"@id\":\"https:\/\/www.rotopacksrl.com\/fr\/#website\"},\"datePublished\":\"2016-04-15T14:29:42+00:00\",\"dateModified\":\"2016-06-24T09:31:18+00:00\",\"breadcrumb\":{\"@id\":\"https:\/\/www.rotopacksrl.com\/fr\/qui-nous-sommes\/quality\/#breadcrumb\"},\"inLanguage\":\"fr-FR\",\"potentialAction\":[{\"@type\":\"ReadAction\",\"target\":[\"https:\/\/www.rotopacksrl.com\/fr\/qui-nous-sommes\/quality\/\"]}]},{\"@type\":\"BreadcrumbList\",\"@id\":\"https:\/\/www.rotopacksrl.com\/fr\/qui-nous-sommes\/quality\/#breadcrumb\",\"itemListElement\":[{\"@type\":\"ListItem\",\"position\":1,\"name\":\"Home\",\"item\":\"https:\/\/www.rotopacksrl.com\/fr\/\"},{\"@type\":\"ListItem\",\"position\":2,\"name\":\"Qui Nous Sommes\",\"item\":\"https:\/\/www.rotopacksrl.com\/fr\/qui-nous-sommes\/\"},{\"@type\":\"ListItem\",\"position\":3,\"name\":\"Qualit\u00e9\"}]},{\"@type\":\"WebSite\",\"@id\":\"https:\/\/www.rotopacksrl.com\/fr\/#website\",\"url\":\"https:\/\/www.rotopacksrl.com\/fr\/\",\"name\":\"Rotopack - Packaging machines\",\"description\":\"Confezionatrici &amp; termo-sigillatrici\",\"publisher\":{\"@id\":\"https:\/\/www.rotopacksrl.com\/fr\/#organization\"},\"potentialAction\":[{\"@type\":\"SearchAction\",\"target\":{\"@type\":\"EntryPoint\",\"urlTemplate\":\"https:\/\/www.rotopacksrl.com\/fr\/?s={search_term_string}\"},\"query-input\":\"required name=search_term_string\"}],\"inLanguage\":\"fr-FR\"},{\"@type\":\"Organization\",\"@id\":\"https:\/\/www.rotopacksrl.com\/fr\/#organization\",\"name\":\"Rotopack srl\",\"url\":\"https:\/\/www.rotopacksrl.com\/fr\/\",\"logo\":{\"@type\":\"ImageObject\",\"inLanguage\":\"fr-FR\",\"@id\":\"https:\/\/www.rotopacksrl.com\/fr\/#\/schema\/logo\/image\/\",\"url\":\"https:\/\/www.rotopacksrl.com\/wp-content\/uploads\/2016\/02\/logo-rotopack.png\",\"contentUrl\":\"https:\/\/www.rotopacksrl.com\/wp-content\/uploads\/2016\/02\/logo-rotopack.png\",\"width\":300,\"height\":68,\"caption\":\"Rotopack srl\"},\"image\":{\"@id\":\"https:\/\/www.rotopacksrl.com\/fr\/#\/schema\/logo\/image\/\"},\"sameAs\":[\"https:\/\/www.facebook.com\/rotopackmilano\",\"https:\/\/twitter.com\/Rotopacksrl\",\"https:\/\/www.linkedin.com\/company\/rotopacksrl\/about\/\",\"https:\/\/www.youtube.com\/user\/RotoPacksrl\"]}]}<\/script>\n<!-- \/ Yoast SEO plugin. -->","yoast_head_json":{"title":"Qualit\u00e9 - Rotopack - Packaging machines","robots":{"index":"index","follow":"follow","max-snippet":"max-snippet:-1","max-image-preview":"max-image-preview:large","max-video-preview":"max-video-preview:-1"},"canonical":"https:\/\/www.rotopacksrl.com\/fr\/qui-nous-sommes\/quality\/","og_locale":"fr_FR","og_type":"article","og_title":"Qualit\u00e9 - Rotopack - Packaging machines","og_description":"[vc_row row_type=&#8221;row&#8221; use_row_as_full_screen_section=&#8221;no&#8221; type=&#8221;grid&#8221; angled_section=&#8221;no&#8221; text_align=&#8221;left&#8221; background_image_as_pattern=&#8221;without_pattern&#8221; padding_top=&#8221;85&#8243; padding_bottom=&#8221;47&#8243; css_animation=&#8221;&#8221;][vc_column width=&#8221;1\/2&#8243;][vc_column_text] Machines con\u00e7ues et constuites dans notre usine [\/vc_column_text][vc_separator type=&#8221;transparent&#8221; up=&#8221;29&#8243; down=&#8221;0&#8243;][vc_column_text] La vaste gamme couverte par nos machines de conditionnement permet \u00e0 de nombreux clients d\u2019avoir un seul r\u00e9f\u00e9rent pour des machines compl\u00e8tement diff\u00e9rentes,...","og_url":"https:\/\/www.rotopacksrl.com\/fr\/qui-nous-sommes\/quality\/","og_site_name":"Rotopack - Packaging machines","article_publisher":"https:\/\/www.facebook.com\/rotopackmilano","article_modified_time":"2016-06-24T09:31:18+00:00","twitter_card":"summary_large_image","twitter_site":"@Rotopacksrl","twitter_misc":{"Dur\u00e9e de lecture estim\u00e9e":"2 minutes"},"schema":{"@context":"https:\/\/schema.org","@graph":[{"@type":"WebPage","@id":"https:\/\/www.rotopacksrl.com\/fr\/qui-nous-sommes\/quality\/","url":"https:\/\/www.rotopacksrl.com\/fr\/qui-nous-sommes\/quality\/","name":"Qualit\u00e9 - Rotopack - Packaging machines","isPartOf":{"@id":"https:\/\/www.rotopacksrl.com\/fr\/#website"},"datePublished":"2016-04-15T14:29:42+00:00","dateModified":"2016-06-24T09:31:18+00:00","breadcrumb":{"@id":"https:\/\/www.rotopacksrl.com\/fr\/qui-nous-sommes\/quality\/#breadcrumb"},"inLanguage":"fr-FR","potentialAction":[{"@type":"ReadAction","target":["https:\/\/www.rotopacksrl.com\/fr\/qui-nous-sommes\/quality\/"]}]},{"@type":"BreadcrumbList","@id":"https:\/\/www.rotopacksrl.com\/fr\/qui-nous-sommes\/quality\/#breadcrumb","itemListElement":[{"@type":"ListItem","position":1,"name":"Home","item":"https:\/\/www.rotopacksrl.com\/fr\/"},{"@type":"ListItem","position":2,"name":"Qui Nous Sommes","item":"https:\/\/www.rotopacksrl.com\/fr\/qui-nous-sommes\/"},{"@type":"ListItem","position":3,"name":"Qualit\u00e9"}]},{"@type":"WebSite","@id":"https:\/\/www.rotopacksrl.com\/fr\/#website","url":"https:\/\/www.rotopacksrl.com\/fr\/","name":"Rotopack - Packaging machines","description":"Confezionatrici &amp; termo-sigillatrici","publisher":{"@id":"https:\/\/www.rotopacksrl.com\/fr\/#organization"},"potentialAction":[{"@type":"SearchAction","target":{"@type":"EntryPoint","urlTemplate":"https:\/\/www.rotopacksrl.com\/fr\/?s={search_term_string}"},"query-input":"required name=search_term_string"}],"inLanguage":"fr-FR"},{"@type":"Organization","@id":"https:\/\/www.rotopacksrl.com\/fr\/#organization","name":"Rotopack srl","url":"https:\/\/www.rotopacksrl.com\/fr\/","logo":{"@type":"ImageObject","inLanguage":"fr-FR","@id":"https:\/\/www.rotopacksrl.com\/fr\/#\/schema\/logo\/image\/","url":"https:\/\/www.rotopacksrl.com\/wp-content\/uploads\/2016\/02\/logo-rotopack.png","contentUrl":"https:\/\/www.rotopacksrl.com\/wp-content\/uploads\/2016\/02\/logo-rotopack.png","width":300,"height":68,"caption":"Rotopack srl"},"image":{"@id":"https:\/\/www.rotopacksrl.com\/fr\/#\/schema\/logo\/image\/"},"sameAs":["https:\/\/www.facebook.com\/rotopackmilano","https:\/\/twitter.com\/Rotopacksrl","https:\/\/www.linkedin.com\/company\/rotopacksrl\/about\/","https:\/\/www.youtube.com\/user\/RotoPacksrl"]}]}},"_links":{"self":[{"href":"https:\/\/www.rotopacksrl.com\/fr\/wp-json\/wp\/v2\/pages\/16174","targetHints":{"allow":["GET"]}}],"collection":[{"href":"https:\/\/www.rotopacksrl.com\/fr\/wp-json\/wp\/v2\/pages"}],"about":[{"href":"https:\/\/www.rotopacksrl.com\/fr\/wp-json\/wp\/v2\/types\/page"}],"author":[{"embeddable":true,"href":"https:\/\/www.rotopacksrl.com\/fr\/wp-json\/wp\/v2\/users\/2"}],"replies":[{"embeddable":true,"href":"https:\/\/www.rotopacksrl.com\/fr\/wp-json\/wp\/v2\/comments?post=16174"}],"version-history":[{"count":0,"href":"https:\/\/www.rotopacksrl.com\/fr\/wp-json\/wp\/v2\/pages\/16174\/revisions"}],"up":[{"embeddable":true,"href":"https:\/\/www.rotopacksrl.com\/fr\/wp-json\/wp\/v2\/pages\/16183"}],"wp:attachment":[{"href":"https:\/\/www.rotopacksrl.com\/fr\/wp-json\/wp\/v2\/media?parent=16174"}],"curies":[{"name":"wp","href":"https:\/\/api.w.org\/{rel}","templated":true}]}}