{"id":16179,"date":"2016-03-22T11:13:02","date_gmt":"2016-03-22T10:13:02","guid":{"rendered":"http:\/\/rotopack.wpengine.com\/fr\/esperienza\/"},"modified":"2016-07-14T18:32:08","modified_gmt":"2016-07-14T16:32:08","slug":"experience","status":"publish","type":"page","link":"https:\/\/www.rotopacksrl.com\/fr\/qui-nous-sommes\/experience\/","title":{"rendered":"Exp\u00e9rience"},"content":{"rendered":"<p>[vc_row row_type=&#8221;row&#8221; use_row_as_full_screen_section=&#8221;no&#8221; type=&#8221;full_width&#8221; angled_section=&#8221;no&#8221; text_align=&#8221;left&#8221; background_image_as_pattern=&#8221;without_pattern&#8221; css_animation=&#8221;&#8221;][vc_column width=&#8221;1\/2&#8243;][vc_column_text]<\/p>\n<h3>Nous projetons et r\u00e9alisons des solutions sur commande \u00e9galement pour usage non alimentaire<\/h3>\n<p>Gr\u00e2ce \u00e0 l\u2019exp\u00e9rience de notre staff, acquise pendant des dizaines d\u2019ann\u00e9es d\u2019usinages m\u00e9caniques de haute pr\u00e9cision , et aux outillages avanc\u00e9es de notre laboratoire, nous avons des clients dans les secteurs les plus disparates pour lesquels nous projetons et\/ou r\u00e9alisons des solutions sur commande.<br \/>\nNous sommes en mesure de r\u00e9pondre \u00e0 toute exigence en travaillant des mat\u00e9riaux comme aluminium, acier inox, fer, laiton, Polyx\u00e8ne et delrin et avec un parc productif form\u00e9 de machines traditionnelles et machines de derni\u00e8re g\u00e9n\u00e9ration.[\/vc_column_text][\/vc_column][vc_column width=&#8221;1\/2&#8243;][vc_column_text]<\/p>\n\n\t\t<style type=\"text\/css\">\n\t\t\t#gallery-1 {\n\t\t\t\tmargin: auto;\n\t\t\t}\n\t\t\t#gallery-1 .gallery-item {\n\t\t\t\tfloat: left;\n\t\t\t\tmargin-top: 10px;\n\t\t\t\ttext-align: center;\n\t\t\t\twidth: 25%;\n\t\t\t}\n\t\t\t#gallery-1 img {\n\t\t\t\tborder: 2px solid #cfcfcf;\n\t\t\t}\n\t\t\t#gallery-1 .gallery-caption {\n\t\t\t\tmargin-left: 0;\n\t\t\t}\n\t\t\t\/* see gallery_shortcode() in wp-includes\/media.php *\/\n\t\t<\/style>\n\t\t<div id='gallery-1' class='gallery galleryid-16179 gallery-columns-4 gallery-size-thumbnail'><dl class='gallery-item'>\n\t\t\t<dt class='gallery-icon landscape'>\n\t\t\t\t<a href='https:\/\/www.rotopacksrl.com\/wp-content\/uploads\/2016\/03\/DSCN1019.jpg'><img loading=\"lazy\" decoding=\"async\" width=\"150\" height=\"150\" src=\"https:\/\/www.rotopacksrl.com\/wp-content\/uploads\/2016\/03\/DSCN1019-150x150.jpg\" class=\"attachment-thumbnail size-thumbnail\" alt=\"\" aria-describedby=\"gallery-1-17122\" srcset=\"https:\/\/www.rotopacksrl.com\/wp-content\/uploads\/2016\/03\/DSCN1019-150x150.jpg 150w, https:\/\/www.rotopacksrl.com\/wp-content\/uploads\/2016\/03\/DSCN1019-570x570.jpg 570w, https:\/\/www.rotopacksrl.com\/wp-content\/uploads\/2016\/03\/DSCN1019-500x500.jpg 500w, https:\/\/www.rotopacksrl.com\/wp-content\/uploads\/2016\/03\/DSCN1019-1000x1000.jpg 1000w\" sizes=\"auto, (max-width: 150px) 100vw, 150px\" \/><\/a>\n\t\t\t<\/dt>\n\t\t\t\t<dd class='wp-caption-text gallery-caption' id='gallery-1-17122'>\n\t\t\t\tMacchina spiralatrice per tubi flessibili &#8211; dettaglio\n\t\t\t\t<\/dd><\/dl><dl class='gallery-item'>\n\t\t\t<dt class='gallery-icon landscape'>\n\t\t\t\t<a href='https:\/\/www.rotopacksrl.com\/wp-content\/uploads\/2016\/03\/2013-09-26-15.59.38.jpg'><img loading=\"lazy\" decoding=\"async\" width=\"150\" height=\"150\" src=\"https:\/\/www.rotopacksrl.com\/wp-content\/uploads\/2016\/03\/2013-09-26-15.59.38-150x150.jpg\" class=\"attachment-thumbnail size-thumbnail\" alt=\"\" aria-describedby=\"gallery-1-17116\" srcset=\"https:\/\/www.rotopacksrl.com\/wp-content\/uploads\/2016\/03\/2013-09-26-15.59.38-150x150.jpg 150w, https:\/\/www.rotopacksrl.com\/wp-content\/uploads\/2016\/03\/2013-09-26-15.59.38-570x570.jpg 570w, https:\/\/www.rotopacksrl.com\/wp-content\/uploads\/2016\/03\/2013-09-26-15.59.38-500x500.jpg 500w, https:\/\/www.rotopacksrl.com\/wp-content\/uploads\/2016\/03\/2013-09-26-15.59.38-1000x1000.jpg 1000w\" sizes=\"auto, (max-width: 150px) 100vw, 150px\" \/><\/a>\n\t\t\t<\/dt>\n\t\t\t\t<dd class='wp-caption-text gallery-caption' id='gallery-1-17116'>\n\t\t\t\tMacchina spiralatrice per tubi flessibili &#8211; dettaglio\n\t\t\t\t<\/dd><\/dl><dl class='gallery-item'>\n\t\t\t<dt class='gallery-icon landscape'>\n\t\t\t\t<a href='https:\/\/www.rotopacksrl.com\/wp-content\/uploads\/2016\/03\/Assieme-GENERALE-Dimetrica.jpg'><img loading=\"lazy\" decoding=\"async\" width=\"150\" height=\"150\" src=\"https:\/\/www.rotopacksrl.com\/wp-content\/uploads\/2016\/03\/Assieme-GENERALE-Dimetrica-150x150.jpg\" class=\"attachment-thumbnail size-thumbnail\" alt=\"\" aria-describedby=\"gallery-1-17119\" srcset=\"https:\/\/www.rotopacksrl.com\/wp-content\/uploads\/2016\/03\/Assieme-GENERALE-Dimetrica-150x150.jpg 150w, https:\/\/www.rotopacksrl.com\/wp-content\/uploads\/2016\/03\/Assieme-GENERALE-Dimetrica-570x570.jpg 570w, https:\/\/www.rotopacksrl.com\/wp-content\/uploads\/2016\/03\/Assieme-GENERALE-Dimetrica-500x500.jpg 500w\" sizes=\"auto, (max-width: 150px) 100vw, 150px\" \/><\/a>\n\t\t\t<\/dt>\n\t\t\t\t<dd class='wp-caption-text gallery-caption' id='gallery-1-17119'>\n\t\t\t\tMacchina spiralatrice per tubi flessibili &#8211; progetto\n\t\t\t\t<\/dd><\/dl><dl class='gallery-item'>\n\t\t\t<dt class='gallery-icon portrait'>\n\t\t\t\t<a href='https:\/\/www.rotopacksrl.com\/wp-content\/uploads\/2016\/03\/porta-provette-per-camera-criogenica.jpg'><img loading=\"lazy\" decoding=\"async\" width=\"150\" height=\"150\" src=\"https:\/\/www.rotopacksrl.com\/wp-content\/uploads\/2016\/03\/porta-provette-per-camera-criogenica-150x150.jpg\" class=\"attachment-thumbnail size-thumbnail\" alt=\"\" aria-describedby=\"gallery-1-17101\" srcset=\"https:\/\/www.rotopacksrl.com\/wp-content\/uploads\/2016\/03\/porta-provette-per-camera-criogenica-150x150.jpg 150w, https:\/\/www.rotopacksrl.com\/wp-content\/uploads\/2016\/03\/porta-provette-per-camera-criogenica-570x570.jpg 570w, https:\/\/www.rotopacksrl.com\/wp-content\/uploads\/2016\/03\/porta-provette-per-camera-criogenica-500x500.jpg 500w, https:\/\/www.rotopacksrl.com\/wp-content\/uploads\/2016\/03\/porta-provette-per-camera-criogenica-1000x1000.jpg 1000w\" sizes=\"auto, (max-width: 150px) 100vw, 150px\" \/><\/a>\n\t\t\t<\/dt>\n\t\t\t\t<dd class='wp-caption-text gallery-caption' id='gallery-1-17101'>\n\t\t\t\tporta provette per camera criogenica\n\t\t\t\t<\/dd><\/dl><br style=\"clear: both\" \/><dl class='gallery-item'>\n\t\t\t<dt class='gallery-icon landscape'>\n\t\t\t\t<a href='https:\/\/www.rotopacksrl.com\/wp-content\/uploads\/2016\/03\/implanter-in-titanio-per-settore-medicale.jpg'><img loading=\"lazy\" decoding=\"async\" width=\"150\" height=\"150\" src=\"https:\/\/www.rotopacksrl.com\/wp-content\/uploads\/2016\/03\/implanter-in-titanio-per-settore-medicale-150x150.jpg\" class=\"attachment-thumbnail size-thumbnail\" alt=\"\" aria-describedby=\"gallery-1-17104\" srcset=\"https:\/\/www.rotopacksrl.com\/wp-content\/uploads\/2016\/03\/implanter-in-titanio-per-settore-medicale-150x150.jpg 150w, https:\/\/www.rotopacksrl.com\/wp-content\/uploads\/2016\/03\/implanter-in-titanio-per-settore-medicale-500x500.jpg 500w\" sizes=\"auto, (max-width: 150px) 100vw, 150px\" \/><\/a>\n\t\t\t<\/dt>\n\t\t\t\t<dd class='wp-caption-text gallery-caption' id='gallery-1-17104'>\n\t\t\t\tStrumenti in titanio per settore medicale\n\t\t\t\t<\/dd><\/dl><dl class='gallery-item'>\n\t\t\t<dt class='gallery-icon landscape'>\n\t\t\t\t<a href='https:\/\/www.rotopacksrl.com\/wp-content\/uploads\/2016\/03\/assemblatrice-per-connettori-elettrici.jpg'><img loading=\"lazy\" decoding=\"async\" width=\"150\" height=\"150\" src=\"https:\/\/www.rotopacksrl.com\/wp-content\/uploads\/2016\/03\/assemblatrice-per-connettori-elettrici-150x150.jpg\" class=\"attachment-thumbnail size-thumbnail\" alt=\"\" aria-describedby=\"gallery-1-17107\" srcset=\"https:\/\/www.rotopacksrl.com\/wp-content\/uploads\/2016\/03\/assemblatrice-per-connettori-elettrici-150x150.jpg 150w, https:\/\/www.rotopacksrl.com\/wp-content\/uploads\/2016\/03\/assemblatrice-per-connettori-elettrici-570x570.jpg 570w, https:\/\/www.rotopacksrl.com\/wp-content\/uploads\/2016\/03\/assemblatrice-per-connettori-elettrici-500x500.jpg 500w, https:\/\/www.rotopacksrl.com\/wp-content\/uploads\/2016\/03\/assemblatrice-per-connettori-elettrici-1000x1000.jpg 1000w\" sizes=\"auto, (max-width: 150px) 100vw, 150px\" \/><\/a>\n\t\t\t<\/dt>\n\t\t\t\t<dd class='wp-caption-text gallery-caption' id='gallery-1-17107'>\n\t\t\t\tAssemblatrice per connettori elettrici\n\t\t\t\t<\/dd><\/dl><dl class='gallery-item'>\n\t\t\t<dt class='gallery-icon portrait'>\n\t\t\t\t<a href='https:\/\/www.rotopacksrl.com\/wp-content\/uploads\/2016\/03\/DSC00558.jpg'><img loading=\"lazy\" decoding=\"async\" width=\"150\" height=\"150\" src=\"https:\/\/www.rotopacksrl.com\/wp-content\/uploads\/2016\/03\/DSC00558-150x150.jpg\" class=\"attachment-thumbnail size-thumbnail\" alt=\"\" aria-describedby=\"gallery-1-17113\" srcset=\"https:\/\/www.rotopacksrl.com\/wp-content\/uploads\/2016\/03\/DSC00558-150x150.jpg 150w, https:\/\/www.rotopacksrl.com\/wp-content\/uploads\/2016\/03\/DSC00558-570x570.jpg 570w, https:\/\/www.rotopacksrl.com\/wp-content\/uploads\/2016\/03\/DSC00558-500x500.jpg 500w\" sizes=\"auto, (max-width: 150px) 100vw, 150px\" \/><\/a>\n\t\t\t<\/dt>\n\t\t\t\t<dd class='wp-caption-text gallery-caption' id='gallery-1-17113'>\n\t\t\t\tVasca per prove macrografiche\n\t\t\t\t<\/dd><\/dl><dl class='gallery-item'>\n\t\t\t<dt class='gallery-icon landscape'>\n\t\t\t\t<a href='https:\/\/www.rotopacksrl.com\/wp-content\/uploads\/2016\/03\/DSC00559.jpg'><img loading=\"lazy\" decoding=\"async\" width=\"150\" height=\"150\" src=\"https:\/\/www.rotopacksrl.com\/wp-content\/uploads\/2016\/03\/DSC00559-150x150.jpg\" class=\"attachment-thumbnail size-thumbnail\" alt=\"\" aria-describedby=\"gallery-1-17110\" srcset=\"https:\/\/www.rotopacksrl.com\/wp-content\/uploads\/2016\/03\/DSC00559-150x150.jpg 150w, https:\/\/www.rotopacksrl.com\/wp-content\/uploads\/2016\/03\/DSC00559-570x570.jpg 570w, https:\/\/www.rotopacksrl.com\/wp-content\/uploads\/2016\/03\/DSC00559-500x500.jpg 500w, https:\/\/www.rotopacksrl.com\/wp-content\/uploads\/2016\/03\/DSC00559-1000x1000.jpg 1000w\" sizes=\"auto, (max-width: 150px) 100vw, 150px\" \/><\/a>\n\t\t\t<\/dt>\n\t\t\t\t<dd class='wp-caption-text gallery-caption' id='gallery-1-17110'>\n\t\t\t\tVasca per prove macrografiche &#8211; vista dall&#8217;alto\n\t\t\t\t<\/dd><\/dl><br style=\"clear: both\" \/>\n\t\t<\/div>\n\n<p>[\/vc_column_text][\/vc_column][\/vc_row]<\/p>\n","protected":false},"excerpt":{"rendered":"<p>[vc_row row_type=&#8221;row&#8221; use_row_as_full_screen_section=&#8221;no&#8221; type=&#8221;full_width&#8221; angled_section=&#8221;no&#8221; text_align=&#8221;left&#8221; background_image_as_pattern=&#8221;without_pattern&#8221; css_animation=&#8221;&#8221;][vc_column width=&#8221;1\/2&#8243;][vc_column_text] Nous projetons et r\u00e9alisons des solutions sur commande \u00e9galement pour usage non alimentaire Gr\u00e2ce \u00e0 l\u2019exp\u00e9rience de notre staff, acquise pendant des dizaines d\u2019ann\u00e9es d\u2019usinages m\u00e9caniques de haute pr\u00e9cision , et aux outillages avanc\u00e9es de notre&#8230;<\/p>\n","protected":false},"author":3,"featured_media":0,"parent":16183,"menu_order":0,"comment_status":"closed","ping_status":"closed","template":"","meta":{"footnotes":""},"class_list":["post-16179","page","type-page","status-publish","hentry"],"yoast_head":"<!-- This site is optimized with the Yoast SEO plugin v21.8 - https:\/\/yoast.com\/wordpress\/plugins\/seo\/ -->\n<title>Exp\u00e9rience - Rotopack - Packaging machines<\/title>\n<meta name=\"robots\" content=\"index, follow, max-snippet:-1, max-image-preview:large, max-video-preview:-1\" \/>\n<link rel=\"canonical\" href=\"https:\/\/www.rotopacksrl.com\/fr\/qui-nous-sommes\/experience\/\" \/>\n<meta property=\"og:locale\" content=\"fr_FR\" \/>\n<meta property=\"og:type\" content=\"article\" \/>\n<meta property=\"og:title\" content=\"Exp\u00e9rience - Rotopack - Packaging machines\" \/>\n<meta property=\"og:description\" content=\"[vc_row row_type=&#8221;row&#8221; use_row_as_full_screen_section=&#8221;no&#8221; type=&#8221;full_width&#8221; angled_section=&#8221;no&#8221; text_align=&#8221;left&#8221; background_image_as_pattern=&#8221;without_pattern&#8221; css_animation=&#8221;&#8221;][vc_column width=&#8221;1\/2&#8243;][vc_column_text] Nous projetons et r\u00e9alisons des solutions sur commande \u00e9galement pour usage non alimentaire Gr\u00e2ce \u00e0 l\u2019exp\u00e9rience de notre staff, acquise pendant des dizaines d\u2019ann\u00e9es d\u2019usinages m\u00e9caniques de haute pr\u00e9cision , et aux outillages avanc\u00e9es de notre...\" \/>\n<meta property=\"og:url\" content=\"https:\/\/www.rotopacksrl.com\/fr\/qui-nous-sommes\/experience\/\" \/>\n<meta property=\"og:site_name\" content=\"Rotopack - Packaging machines\" \/>\n<meta property=\"article:publisher\" content=\"https:\/\/www.facebook.com\/rotopackmilano\" \/>\n<meta property=\"article:modified_time\" content=\"2016-07-14T16:32:08+00:00\" \/>\n<meta name=\"twitter:card\" content=\"summary_large_image\" \/>\n<meta name=\"twitter:site\" content=\"@Rotopacksrl\" \/>\n<meta name=\"twitter:label1\" content=\"Dur\u00e9e de lecture estim\u00e9e\" \/>\n\t<meta name=\"twitter:data1\" content=\"1 minute\" \/>\n<script type=\"application\/ld+json\" class=\"yoast-schema-graph\">{\"@context\":\"https:\/\/schema.org\",\"@graph\":[{\"@type\":\"WebPage\",\"@id\":\"https:\/\/www.rotopacksrl.com\/fr\/qui-nous-sommes\/experience\/\",\"url\":\"https:\/\/www.rotopacksrl.com\/fr\/qui-nous-sommes\/experience\/\",\"name\":\"Exp\u00e9rience - Rotopack - Packaging machines\",\"isPartOf\":{\"@id\":\"https:\/\/www.rotopacksrl.com\/fr\/#website\"},\"datePublished\":\"2016-03-22T10:13:02+00:00\",\"dateModified\":\"2016-07-14T16:32:08+00:00\",\"breadcrumb\":{\"@id\":\"https:\/\/www.rotopacksrl.com\/fr\/qui-nous-sommes\/experience\/#breadcrumb\"},\"inLanguage\":\"fr-FR\",\"potentialAction\":[{\"@type\":\"ReadAction\",\"target\":[\"https:\/\/www.rotopacksrl.com\/fr\/qui-nous-sommes\/experience\/\"]}]},{\"@type\":\"BreadcrumbList\",\"@id\":\"https:\/\/www.rotopacksrl.com\/fr\/qui-nous-sommes\/experience\/#breadcrumb\",\"itemListElement\":[{\"@type\":\"ListItem\",\"position\":1,\"name\":\"Home\",\"item\":\"https:\/\/www.rotopacksrl.com\/fr\/\"},{\"@type\":\"ListItem\",\"position\":2,\"name\":\"Qui Nous Sommes\",\"item\":\"https:\/\/www.rotopacksrl.com\/fr\/qui-nous-sommes\/\"},{\"@type\":\"ListItem\",\"position\":3,\"name\":\"Exp\u00e9rience\"}]},{\"@type\":\"WebSite\",\"@id\":\"https:\/\/www.rotopacksrl.com\/fr\/#website\",\"url\":\"https:\/\/www.rotopacksrl.com\/fr\/\",\"name\":\"Rotopack - Packaging machines\",\"description\":\"Confezionatrici &amp; termo-sigillatrici\",\"publisher\":{\"@id\":\"https:\/\/www.rotopacksrl.com\/fr\/#organization\"},\"potentialAction\":[{\"@type\":\"SearchAction\",\"target\":{\"@type\":\"EntryPoint\",\"urlTemplate\":\"https:\/\/www.rotopacksrl.com\/fr\/?s={search_term_string}\"},\"query-input\":\"required name=search_term_string\"}],\"inLanguage\":\"fr-FR\"},{\"@type\":\"Organization\",\"@id\":\"https:\/\/www.rotopacksrl.com\/fr\/#organization\",\"name\":\"Rotopack srl\",\"url\":\"https:\/\/www.rotopacksrl.com\/fr\/\",\"logo\":{\"@type\":\"ImageObject\",\"inLanguage\":\"fr-FR\",\"@id\":\"https:\/\/www.rotopacksrl.com\/fr\/#\/schema\/logo\/image\/\",\"url\":\"https:\/\/www.rotopacksrl.com\/wp-content\/uploads\/2016\/02\/logo-rotopack.png\",\"contentUrl\":\"https:\/\/www.rotopacksrl.com\/wp-content\/uploads\/2016\/02\/logo-rotopack.png\",\"width\":300,\"height\":68,\"caption\":\"Rotopack srl\"},\"image\":{\"@id\":\"https:\/\/www.rotopacksrl.com\/fr\/#\/schema\/logo\/image\/\"},\"sameAs\":[\"https:\/\/www.facebook.com\/rotopackmilano\",\"https:\/\/twitter.com\/Rotopacksrl\",\"https:\/\/www.linkedin.com\/company\/rotopacksrl\/about\/\",\"https:\/\/www.youtube.com\/user\/RotoPacksrl\"]}]}<\/script>\n<!-- \/ Yoast SEO plugin. -->","yoast_head_json":{"title":"Exp\u00e9rience - Rotopack - Packaging machines","robots":{"index":"index","follow":"follow","max-snippet":"max-snippet:-1","max-image-preview":"max-image-preview:large","max-video-preview":"max-video-preview:-1"},"canonical":"https:\/\/www.rotopacksrl.com\/fr\/qui-nous-sommes\/experience\/","og_locale":"fr_FR","og_type":"article","og_title":"Exp\u00e9rience - Rotopack - Packaging machines","og_description":"[vc_row row_type=&#8221;row&#8221; use_row_as_full_screen_section=&#8221;no&#8221; type=&#8221;full_width&#8221; angled_section=&#8221;no&#8221; text_align=&#8221;left&#8221; background_image_as_pattern=&#8221;without_pattern&#8221; css_animation=&#8221;&#8221;][vc_column width=&#8221;1\/2&#8243;][vc_column_text] Nous projetons et r\u00e9alisons des solutions sur commande \u00e9galement pour usage non alimentaire Gr\u00e2ce \u00e0 l\u2019exp\u00e9rience de notre staff, acquise pendant des dizaines d\u2019ann\u00e9es d\u2019usinages m\u00e9caniques de haute pr\u00e9cision , et aux outillages avanc\u00e9es de notre...","og_url":"https:\/\/www.rotopacksrl.com\/fr\/qui-nous-sommes\/experience\/","og_site_name":"Rotopack - Packaging machines","article_publisher":"https:\/\/www.facebook.com\/rotopackmilano","article_modified_time":"2016-07-14T16:32:08+00:00","twitter_card":"summary_large_image","twitter_site":"@Rotopacksrl","twitter_misc":{"Dur\u00e9e de lecture estim\u00e9e":"1 minute"},"schema":{"@context":"https:\/\/schema.org","@graph":[{"@type":"WebPage","@id":"https:\/\/www.rotopacksrl.com\/fr\/qui-nous-sommes\/experience\/","url":"https:\/\/www.rotopacksrl.com\/fr\/qui-nous-sommes\/experience\/","name":"Exp\u00e9rience - Rotopack - Packaging machines","isPartOf":{"@id":"https:\/\/www.rotopacksrl.com\/fr\/#website"},"datePublished":"2016-03-22T10:13:02+00:00","dateModified":"2016-07-14T16:32:08+00:00","breadcrumb":{"@id":"https:\/\/www.rotopacksrl.com\/fr\/qui-nous-sommes\/experience\/#breadcrumb"},"inLanguage":"fr-FR","potentialAction":[{"@type":"ReadAction","target":["https:\/\/www.rotopacksrl.com\/fr\/qui-nous-sommes\/experience\/"]}]},{"@type":"BreadcrumbList","@id":"https:\/\/www.rotopacksrl.com\/fr\/qui-nous-sommes\/experience\/#breadcrumb","itemListElement":[{"@type":"ListItem","position":1,"name":"Home","item":"https:\/\/www.rotopacksrl.com\/fr\/"},{"@type":"ListItem","position":2,"name":"Qui Nous Sommes","item":"https:\/\/www.rotopacksrl.com\/fr\/qui-nous-sommes\/"},{"@type":"ListItem","position":3,"name":"Exp\u00e9rience"}]},{"@type":"WebSite","@id":"https:\/\/www.rotopacksrl.com\/fr\/#website","url":"https:\/\/www.rotopacksrl.com\/fr\/","name":"Rotopack - Packaging machines","description":"Confezionatrici &amp; termo-sigillatrici","publisher":{"@id":"https:\/\/www.rotopacksrl.com\/fr\/#organization"},"potentialAction":[{"@type":"SearchAction","target":{"@type":"EntryPoint","urlTemplate":"https:\/\/www.rotopacksrl.com\/fr\/?s={search_term_string}"},"query-input":"required name=search_term_string"}],"inLanguage":"fr-FR"},{"@type":"Organization","@id":"https:\/\/www.rotopacksrl.com\/fr\/#organization","name":"Rotopack srl","url":"https:\/\/www.rotopacksrl.com\/fr\/","logo":{"@type":"ImageObject","inLanguage":"fr-FR","@id":"https:\/\/www.rotopacksrl.com\/fr\/#\/schema\/logo\/image\/","url":"https:\/\/www.rotopacksrl.com\/wp-content\/uploads\/2016\/02\/logo-rotopack.png","contentUrl":"https:\/\/www.rotopacksrl.com\/wp-content\/uploads\/2016\/02\/logo-rotopack.png","width":300,"height":68,"caption":"Rotopack srl"},"image":{"@id":"https:\/\/www.rotopacksrl.com\/fr\/#\/schema\/logo\/image\/"},"sameAs":["https:\/\/www.facebook.com\/rotopackmilano","https:\/\/twitter.com\/Rotopacksrl","https:\/\/www.linkedin.com\/company\/rotopacksrl\/about\/","https:\/\/www.youtube.com\/user\/RotoPacksrl"]}]}},"_links":{"self":[{"href":"https:\/\/www.rotopacksrl.com\/fr\/wp-json\/wp\/v2\/pages\/16179","targetHints":{"allow":["GET"]}}],"collection":[{"href":"https:\/\/www.rotopacksrl.com\/fr\/wp-json\/wp\/v2\/pages"}],"about":[{"href":"https:\/\/www.rotopacksrl.com\/fr\/wp-json\/wp\/v2\/types\/page"}],"author":[{"embeddable":true,"href":"https:\/\/www.rotopacksrl.com\/fr\/wp-json\/wp\/v2\/users\/3"}],"replies":[{"embeddable":true,"href":"https:\/\/www.rotopacksrl.com\/fr\/wp-json\/wp\/v2\/comments?post=16179"}],"version-history":[{"count":0,"href":"https:\/\/www.rotopacksrl.com\/fr\/wp-json\/wp\/v2\/pages\/16179\/revisions"}],"up":[{"embeddable":true,"href":"https:\/\/www.rotopacksrl.com\/fr\/wp-json\/wp\/v2\/pages\/16183"}],"wp:attachment":[{"href":"https:\/\/www.rotopacksrl.com\/fr\/wp-json\/wp\/v2\/media?parent=16179"}],"curies":[{"name":"wp","href":"https:\/\/api.w.org\/{rel}","templated":true}]}}